{"id":9586,"date":"2025-07-09T14:02:54","date_gmt":"2025-07-09T12:02:54","guid":{"rendered":"https:\/\/pi-quant.com\/?page_id=9586"},"modified":"2025-07-21T12:59:17","modified_gmt":"2025-07-21T10:59:17","slug":"ueber-25-jahre-erfahrung","status":"publish","type":"page","link":"https:\/\/pi-quant.com\/en\/ueber-25-jahre-erfahrung\/","title":{"rendered":"Over 25 Years of experience"},"content":{"rendered":"<div data-elementor-type=\"wp-page\" data-elementor-id=\"9586\" class=\"elementor elementor-9586\">\n\t\t\t\t<div class=\"elementor-element elementor-element-de286fe e-flex e-con-boxed e-con e-parent\" data-id=\"de286fe\" data-element_type=\"container\">\n\t\t\t\t\t<div class=\"e-con-inner\">\n\t\t<div class=\"elementor-element elementor-element-c458c00 e-con-full e-flex e-con e-child\" data-id=\"c458c00\" data-element_type=\"container\">\n\t\t\t\t<div class=\"elementor-element elementor-element-6d4a0fe elementor-widget elementor-widget-mae-headings\" data-id=\"6d4a0fe\" data-element_type=\"widget\" data-widget_type=\"mae-headings.default\">\n\t\t\t\t<div class=\"elementor-widget-container\">\n\t\t\t\t\t\t\t<div class=\"master-heading sep-top\">\n\t\t\t<div class=\"sep\"><\/div>\t        \n\t        \n\t        \t        <h2 class=\"main-heading\">More than 2 decades of expertise<\/h2>\n\t        \n\t        \n\t        \t            <div class=\"sub-heading\">Power in IT Service Management and IT Infrastructure Management<\/div>\n\t        \t    <\/div>\n\t    \t\t\t\t<\/div>\n\t\t\t\t<\/div>\n\t\t\t\t<\/div>\n\t\t<div class=\"elementor-element elementor-element-f59b3dd e-con-full e-flex e-con e-child\" data-id=\"f59b3dd\" data-element_type=\"container\">\n\t\t\t\t<div class=\"elementor-element elementor-element-6aa53a7 elementor-widget elementor-widget-image\" data-id=\"6aa53a7\" data-element_type=\"widget\" data-widget_type=\"image.default\">\n\t\t\t\t<div class=\"elementor-widget-container\">\n\t\t\t\t\t\t\t\t\t\t\t\t\t\t\t<img fetchpriority=\"high\" decoding=\"async\" width=\"1000\" height=\"666\" src=\"https:\/\/pi-quant.com\/wp-content\/uploads\/2025\/07\/Gazien-1024x683.jpg\" class=\"attachment-large size-large wp-image-9588\" alt=\"\" srcset=\"\" sizes=\"(max-width: 1000px) 100vw, 1000px\" data-srcset=\"\" \/>\t\t\t\t\t\t\t\t\t\t\t\t\t\t\t<\/div>\n\t\t\t\t<\/div>\n\t\t\t\t<\/div>\n\t\t<div class=\"elementor-element elementor-element-809d5aa e-con-full e-flex e-con e-child\" data-id=\"809d5aa\" data-element_type=\"container\">\n\t\t\t\t<div class=\"elementor-element elementor-element-f61e12f elementor-widget elementor-widget-text-editor\" data-id=\"f61e12f\" data-element_type=\"widget\" data-widget_type=\"text-editor.default\">\n\t\t\t\t<div class=\"elementor-widget-container\">\n\t\t\t\t\t\t\t\t\t<p><span class=\"accent-color\"><b>What makes us unique?<br \/><\/b><\/span>For 25 years, PIQUANT GmbH has stood for in-depth expertise, customised solutions and genuine customer proximity. Our many years of experience form the foundation for successful partnerships and maximum customer satisfaction.<\/p><p><span class=\"accent-color\"><b>Expertise through experience<br \/><\/b><\/span>With over 25 years of expertise, 14 renowned clients and over 21 successfully completed projects in more than 10 different industries, we offer cross-industry know-how and in-depth insights into a wide range of business and IT processes.<\/p>\t\t\t\t\t\t\t\t<\/div>\n\t\t\t\t<\/div>\n\t\t<div class=\"elementor-element elementor-element-f785cd7 e-grid e-con-full e-con e-child\" data-id=\"f785cd7\" data-element_type=\"container\">\n\t\t\t\t<div class=\"elementor-element elementor-element-15d661b elementor-widget elementor-widget-image\" data-id=\"15d661b\" data-element_type=\"widget\" data-widget_type=\"image.default\">\n\t\t\t\t<div class=\"elementor-widget-container\">\n\t\t\t\t\t\t\t\t\t\t\t\t\t\t\t<img decoding=\"async\" width=\"1024\" height=\"684\" src=\"https:\/\/pi-quant.com\/wp-content\/uploads\/2025\/02\/section-bg-3-1024x684.jpg\" class=\"elementor-animation-grow attachment-large size-large wp-image-9112\" alt=\"\" srcset=\"https:\/\/pi-quant.com\/wp-content\/uploads\/2025\/02\/section-bg-3-1024x684.jpg 1024w, https:\/\/pi-quant.com\/wp-content\/uploads\/2025\/02\/section-bg-3-300x200.jpg 300w, https:\/\/pi-quant.com\/wp-content\/uploads\/2025\/02\/section-bg-3-768x513.jpg 768w, https:\/\/pi-quant.com\/wp-content\/uploads\/2025\/02\/section-bg-3-1536x1025.jpg 1536w, https:\/\/pi-quant.com\/wp-content\/uploads\/2025\/02\/section-bg-3.jpg 2048w\" sizes=\"(max-width: 1024px) 100vw, 1024px\" \/>\t\t\t\t\t\t\t\t\t\t\t\t\t\t\t<\/div>\n\t\t\t\t<\/div>\n\t\t\t\t<div class=\"elementor-element elementor-element-13a17f7 elementor-widget elementor-widget-text-editor\" data-id=\"13a17f7\" data-element_type=\"widget\" data-widget_type=\"text-editor.default\">\n\t\t\t\t<div class=\"elementor-widget-container\">\n\t\t\t\t\t\t\t\t\t<p>Our project experience includes the following sectors<br \/>\u2022<span class=\"v1apple-tab-span\">\u00a0\u00a0\u00a0\u00a0\u00a0\u00a0\u00a0\u00a0\u00a0\u00a0\u00a0\u00a0<\/span>Software producers and manufacturers<br \/>\u2022<span class=\"v1apple-tab-span\">\u00a0\u00a0\u00a0\u00a0\u00a0\u00a0\u00a0\u00a0\u00a0\u00a0\u00a0\u00a0<\/span>Energy industry<br \/>\u2022<span class=\"v1apple-tab-span\">\u00a0\u00a0\u00a0\u00a0\u00a0\u00a0\u00a0\u00a0\u00a0\u00a0\u00a0\u00a0<\/span>Public sector (federal and state)<br \/>\u2022<span class=\"v1apple-tab-span\">\u00a0\u00a0\u00a0\u00a0\u00a0\u00a0\u00a0\u00a0\u00a0\u00a0\u00a0\u00a0<\/span>Public service broadcasting<br \/>\u2022<span class=\"v1apple-tab-span\">\u00a0\u00a0\u00a0\u00a0\u00a0\u00a0\u00a0\u00a0\u00a0\u00a0\u00a0\u00a0<\/span>Telecommunications and technology<br \/>\u2022<span class=\"v1apple-tab-span\">\u00a0\u00a0\u00a0\u00a0\u00a0\u00a0\u00a0\u00a0\u00a0\u00a0\u00a0\u00a0<\/span>Pet food and care<br \/>\u2022<span class=\"v1apple-tab-span\">\u00a0\u00a0\u00a0\u00a0\u00a0\u00a0\u00a0\u00a0\u00a0\u00a0\u00a0\u00a0<\/span>Food trade<br \/>\u2022<span class=\"v1apple-tab-span\">\u00a0\u00a0\u00a0\u00a0\u00a0\u00a0\u00a0\u00a0\u00a0\u00a0\u00a0\u00a0<\/span>Pharma &amp; Biotechnology<br \/>\u2022<span class=\"v1apple-tab-span\">\u00a0\u00a0\u00a0\u00a0\u00a0\u00a0\u00a0\u00a0\u00a0\u00a0\u00a0\u00a0<\/span>Gastronomy and catering<br \/>\u2022<span class=\"v1apple-tab-span\">\u00a0\u00a0\u00a0\u00a0\u00a0\u00a0\u00a0\u00a0\u00a0\u00a0\u00a0\u00a0<\/span>Chemical industry<br \/>\u2022<span class=\"v1apple-tab-span\">\u00a0\u00a0\u00a0\u00a0\u00a0\u00a0\u00a0\u00a0\u00a0\u00a0\u00a0\u00a0<\/span>Automotive industry<br \/>\u2022<span class=\"v1apple-tab-span\">\u00a0\u00a0\u00a0\u00a0\u00a0\u00a0\u00a0\u00a0\u00a0\u00a0\u00a0\u00a0<\/span>Banking &amp; Finance<\/p>\t\t\t\t\t\t\t\t<\/div>\n\t\t\t\t<\/div>\n\t\t\t\t<\/div>\n\t\t\t\t<div class=\"elementor-element elementor-element-78b207d elementor-widget elementor-widget-text-editor\" data-id=\"78b207d\" data-element_type=\"widget\" data-widget_type=\"text-editor.default\">\n\t\t\t\t<div class=\"elementor-widget-container\">\n\t\t\t\t\t\t\t\t\t<p><span class=\"accent-color\"><b>Small business in Cologne \u2013 close to our customers<\/b><\/span><br \/>As an owner-managed company, we rely on direct and personal contact. The managing director personally accompanies every project - for a close exchange at eye level and solutions that really fit.<\/p><p>Our customers benefit from the flexibility and reliability of a small company combined with a deep understanding and practical experience of processes and structures in medium-sized and large corporations. This enables us to successfully implement challenging projects for major international companies - including Europe's largest software manufacturer and well-known customers such as\u00a0<b>SAP<\/b>,\u00a0<b>UPS<\/b>\u00a0or\u00a0<b>Credit Suisse<\/b>.<\/p><p><span class=\"accent-color\"><b>The right skills for every project<\/b><\/span><br \/>At PIQUANT, we rely on an experienced team with the right skills to successfully implement your projects. We bring structure, clarity and quality to complex projects - with customized services and many years of project experience.<\/p><p style=\"padding-left: 40px;\">Our key areas at a glance:<br \/>\u2022<span class=\"v1apple-tab-span\">\u00a0\u00a0\u00a0\u00a0\u00a0\u00a0\u00a0\u00a0\u00a0\u00a0\u00a0\u00a0<\/span><span class=\"accent-color\">IT Incident Management<\/span> - Planning and implementation of customized IT emergency concepts to minimize risks<br \/>\u2022<span class=\"v1apple-tab-span\">\u00a0\u00a0\u00a0\u00a0\u00a0\u00a0\u00a0\u00a0\u00a0\u00a0\u00a0\u00a0<\/span><span class=\"accent-color\">IT Service Management<\/span> \u2013 Optimization of your IT services according to established standards (e.g., ITIL)<br \/>\u2022<span class=\"v1apple-tab-span\">\u00a0\u00a0\u00a0\u00a0\u00a0\u00a0\u00a0\u00a0\u00a0\u00a0\u00a0\u00a0<\/span><span class=\"accent-color\">IT Infrastructure Management<\/span> \u2013 Ensuring a stable, high-performance, and scalable IT infrastructure<br \/>\u2022<span class=\"v1apple-tab-span\">\u00a0\u00a0\u00a0\u00a0\u00a0\u00a0\u00a0\u00a0\u00a0\u00a0\u00a0\u00a0<\/span><span class=\"accent-color\">Business Continuity Management<\/span> \u2013 Development of strategies to maintain business continuity\u00a0<br \/>\u2022<span class=\"v1apple-tab-span\">\u00a0\u00a0\u00a0\u00a0\u00a0\u00a0\u00a0\u00a0\u00a0\u00a0\u00a0\u00a0<\/span><span class=\"accent-color\">Project Management<\/span> \u2013 Efficient management and execution of your projects, from kick-off to completion<br \/>\u2022<span class=\"v1apple-tab-span\">\u00a0\u00a0\u00a0\u00a0\u00a0\u00a0\u00a0\u00a0\u00a0\u00a0\u00a0\u00a0<\/span><span class=\"accent-color\">Project Management Office (PMO)<\/span> \u2013 Support and standardization of your project landscape by experienced PMO specialists<\/p>\t\t\t\t\t\t\t\t<\/div>\n\t\t\t\t<\/div>\n\t\t\t\t<div class=\"elementor-element elementor-element-ffe2d44 elementor-widget elementor-widget-spacer\" data-id=\"ffe2d44\" data-element_type=\"widget\" data-widget_type=\"spacer.default\">\n\t\t\t\t<div class=\"elementor-widget-container\">\n\t\t\t\t\t\t\t<div class=\"elementor-spacer\">\n\t\t\t<div class=\"elementor-spacer-inner\"><\/div>\n\t\t<\/div>\n\t\t\t\t\t\t<\/div>\n\t\t\t\t<\/div>\n\t\t<div class=\"elementor-element elementor-element-f1869fa e-grid e-con-full e-con e-child\" data-id=\"f1869fa\" data-element_type=\"container\">\n\t\t\t\t<div class=\"elementor-element elementor-element-943b919 elementor-widget elementor-widget-text-editor\" data-id=\"943b919\" data-element_type=\"widget\" data-widget_type=\"text-editor.default\">\n\t\t\t\t<div class=\"elementor-widget-container\">\n\t\t\t\t\t\t\t\t\t<p>Our goal: To lead your projects to success efficiently, securely, and sustainably. Get in touch with us!<\/p>\t\t\t\t\t\t\t\t<\/div>\n\t\t\t\t<\/div>\n\t\t\t\t<div class=\"elementor-element elementor-element-c6d50d9 align-center elementor-widget elementor-widget-mae-button\" data-id=\"c6d50d9\" data-element_type=\"widget\" data-widget_type=\"mae-button.default\">\n\t\t\t\t<div class=\"elementor-widget-container\">\n\t\t\t\t\t\n        <a class=\"master-button btn-accent icon-left big\" href=\"https:\/\/pi-quant.com\/en\/kontakt\/\" \n            >\n\n            <span class=\"inner\">\n                <span class=\"content-base\">\n                    <span class=\"icon ci-right-arrow1\"><\/span>                    <span class=\"text\">Get in touch now<\/span>\n                                    <\/span>\n\n                <span class=\"content-hover\">\n                    <span class=\"icon ci-right-arrow1\"><\/span>                    <span class=\"text\">Get in touch now<\/span>\n                                    <\/span>\n            <\/span>\n\n            <span class=\"bg-hover\"><\/span>        <\/a>\n\n        \t\t\t\t<\/div>\n\t\t\t\t<\/div>\n\t\t\t\t<\/div>\n\t\t\t\t<\/div>\n\t\t\t\t\t<\/div>\n\t\t\t\t<\/div>\n\t\t<div class=\"elementor-element elementor-element-1427732 e-flex e-con-boxed e-con e-parent\" data-id=\"1427732\" data-element_type=\"container\">\n\t\t\t\t\t<div class=\"e-con-inner\">\n\t\t<div class=\"elementor-element elementor-element-06d75b0 e-con-full e-flex e-con e-child\" data-id=\"06d75b0\" data-element_type=\"container\">\n\t\t\t\t<div class=\"elementor-element elementor-element-2fa828d elementor-widget elementor-widget-spacer\" data-id=\"2fa828d\" data-element_type=\"widget\" data-widget_type=\"spacer.default\">\n\t\t\t\t<div class=\"elementor-widget-container\">\n\t\t\t\t\t\t\t<div class=\"elementor-spacer\">\n\t\t\t<div class=\"elementor-spacer-inner\"><\/div>\n\t\t<\/div>\n\t\t\t\t\t\t<\/div>\n\t\t\t\t<\/div>\n\t\t\t\t<\/div>\n\t\t<div class=\"elementor-element elementor-element-c21d89a e-con-full e-flex e-con e-child\" data-id=\"c21d89a\" data-element_type=\"container\">\n\t\t\t\t<div class=\"elementor-element elementor-element-7c887b8 elementor-widget elementor-widget-image\" data-id=\"7c887b8\" data-element_type=\"widget\" data-widget_type=\"image.default\">\n\t\t\t\t<div class=\"elementor-widget-container\">\n\t\t\t\t\t\t\t\t\t\t\t\t\t\t\t<img decoding=\"async\" width=\"1024\" height=\"116\" src=\"https:\/\/pi-quant.com\/wp-content\/uploads\/2025\/07\/Screenshot-2025-07-09-150625-1024x116.png\" class=\"attachment-large size-large wp-image-9629\" alt=\"\" srcset=\"https:\/\/pi-quant.com\/wp-content\/uploads\/2025\/07\/Screenshot-2025-07-09-150625-1024x116.png 1024w, https:\/\/pi-quant.com\/wp-content\/uploads\/2025\/07\/Screenshot-2025-07-09-150625-300x34.png 300w, https:\/\/pi-quant.com\/wp-content\/uploads\/2025\/07\/Screenshot-2025-07-09-150625-768x87.png 768w, https:\/\/pi-quant.com\/wp-content\/uploads\/2025\/07\/Screenshot-2025-07-09-150625-1536x175.png 1536w, https:\/\/pi-quant.com\/wp-content\/uploads\/2025\/07\/Screenshot-2025-07-09-150625-2048x233.png 2048w\" sizes=\"(max-width: 1024px) 100vw, 1024px\" \/>\t\t\t\t\t\t\t\t\t\t\t\t\t\t\t<\/div>\n\t\t\t\t<\/div>\n\t\t\t\t<\/div>\n\t\t\t\t\t<\/div>\n\t\t\t\t<\/div>\n\t\t\t\t<\/div>","protected":false},"excerpt":{"rendered":"<p>Mehr als 2 Jahrzehnte Expertise Power in IT Service Management und IT Infrastruktur Management Was macht uns einzigartig?Seit 25 Jahren steht die PIQUANT GmbH f\u00fcr fundiertes Fachwissen, ma\u00dfgeschneiderte L\u00f6sungen und echte Kundenn\u00e4he. Unsere langj\u00e4hrige Erfahrung bildet das Fundament f\u00fcr erfolgreiche Partnerschaften und h\u00f6chste Kundenzufriedenheit. Kompetenz durch ErfahrungMit \u00fcber 25 Jahren<\/p>","protected":false},"author":3,"featured_media":0,"parent":0,"menu_order":0,"comment_status":"closed","ping_status":"closed","template":"","meta":{"_monsterinsights_skip_tracking":false,"_monsterinsights_sitenote_active":false,"_monsterinsights_sitenote_note":"","_monsterinsights_sitenote_category":0,"footnotes":""},"class_list":["post-9586","page","type-page","status-publish","hentry"],"aioseo_notices":[],"_links":{"self":[{"href":"https:\/\/pi-quant.com\/en\/wp-json\/wp\/v2\/pages\/9586","targetHints":{"allow":["GET"]}}],"collection":[{"href":"https:\/\/pi-quant.com\/en\/wp-json\/wp\/v2\/pages"}],"about":[{"href":"https:\/\/pi-quant.com\/en\/wp-json\/wp\/v2\/types\/page"}],"author":[{"embeddable":true,"href":"https:\/\/pi-quant.com\/en\/wp-json\/wp\/v2\/users\/3"}],"replies":[{"embeddable":true,"href":"https:\/\/pi-quant.com\/en\/wp-json\/wp\/v2\/comments?post=9586"}],"version-history":[{"count":46,"href":"https:\/\/pi-quant.com\/en\/wp-json\/wp\/v2\/pages\/9586\/revisions"}],"predecessor-version":[{"id":9911,"href":"https:\/\/pi-quant.com\/en\/wp-json\/wp\/v2\/pages\/9586\/revisions\/9911"}],"wp:attachment":[{"href":"https:\/\/pi-quant.com\/en\/wp-json\/wp\/v2\/media?parent=9586"}],"curies":[{"name":"wp","href":"https:\/\/api.w.org\/{rel}","templated":true}]}}