{"id":9633,"date":"2025-07-09T15:15:28","date_gmt":"2025-07-09T13:15:28","guid":{"rendered":"https:\/\/pi-quant.com\/?page_id=9633"},"modified":"2025-07-11T15:13:50","modified_gmt":"2025-07-11T13:13:50","slug":"kontakt","status":"publish","type":"page","link":"https:\/\/pi-quant.com\/en\/kontakt\/","title":{"rendered":"Contact"},"content":{"rendered":"<div data-elementor-type=\"wp-page\" data-elementor-id=\"9633\" class=\"elementor elementor-9633\">\n\t\t\t\t<div class=\"elementor-element elementor-element-2ff4278 e-flex e-con-boxed e-con e-parent\" data-id=\"2ff4278\" data-element_type=\"container\">\n\t\t\t\t\t<div class=\"e-con-inner\">\n\t\t<div class=\"elementor-element elementor-element-d654980 e-con-full e-flex e-con e-child\" data-id=\"d654980\" data-element_type=\"container\">\n\t\t\t\t<div class=\"elementor-element elementor-element-9d3a332 elementor-widget elementor-widget-mae-headings\" data-id=\"9d3a332\" data-element_type=\"widget\" data-widget_type=\"mae-headings.default\">\n\t\t\t\t<div class=\"elementor-widget-container\">\n\t\t\t\t\t\t\t<div class=\"master-heading sep-top\">\n\t\t\t<div class=\"sep\"><\/div>\t        \t        \t<div class=\"pre-heading\">PIQUANT GmbH<\/div>\n\t        \n\t        \n\t        \t        <h2 class=\"main-heading\">In the Rheinauhafen in Cologne<\/h2>\n\t        \n\t        \n\t        \t    <\/div>\n\t    \t\t\t\t<\/div>\n\t\t\t\t<\/div>\n\t\t\t\t<div class=\"elementor-element elementor-element-9121cd2 elementor-widget elementor-widget-text-editor\" data-id=\"9121cd2\" data-element_type=\"widget\" data-widget_type=\"text-editor.default\">\n\t\t\t\t<div class=\"elementor-widget-container\">\n\t\t\t\t\t\t\t\t\t<p>Feel free to contact us directly using the form. We will get back to you as soon as possible regarding your inquiry. You can also use the form to send project-related requests. During our business hours, you can also reach us by phone.<\/p><p>If you would like to apply for a job with us, please contact us <a href=\"https:\/\/pi-quant.com\/en\/karriere\/\">here<\/a>.<\/p>\t\t\t\t\t\t\t\t<\/div>\n\t\t\t\t<\/div>\n\t\t\t\t<\/div>\n\t\t<div class=\"elementor-element elementor-element-55bcaf5 e-con-full e-flex e-con e-child\" data-id=\"55bcaf5\" data-element_type=\"container\">\n\t\t\t\t<div class=\"elementor-element elementor-element-83887b9 shake-hover icon-has-bg elementor-widget elementor-widget-mae-cta\" data-id=\"83887b9\" data-element_type=\"widget\" data-widget_type=\"mae-cta.default\">\n\t\t\t\t<div class=\"elementor-widget-container\">\n\t\t\t\t\t\n        <a class=\"master-cta\" href=\"tel:004922129436585\">\n            <span class=\"image-wrap\"><img fetchpriority=\"high\" decoding=\"async\" width=\"800\" height=\"532\" src=\"https:\/\/pi-quant.com\/wp-content\/uploads\/2025\/07\/SEK2024_7686.jpg\" class=\"attachment-full size-full\" alt=\"\" srcset=\"https:\/\/pi-quant.com\/wp-content\/uploads\/2025\/07\/SEK2024_7686.jpg 800w, https:\/\/pi-quant.com\/wp-content\/uploads\/2025\/07\/SEK2024_7686-300x200.jpg 300w, https:\/\/pi-quant.com\/wp-content\/uploads\/2025\/07\/SEK2024_7686-768x511.jpg 768w\" sizes=\"(max-width: 800px) 100vw, 800px\" \/><\/span>            <span class=\"content-wrap\">\n                <span class=\"icon\"><i aria-hidden=\"true\" class=\"ci-phone-call\"><\/i><\/span>\n                <span class=\"texts\">\n                    <span class=\"text\">Call us!<\/span>                    <span class=\"phone\">+49 221 29436585<\/span>                <\/span>\n            <\/span>\n        <\/a>\n\n        \t\t\t\t<\/div>\n\t\t\t\t<\/div>\n\t\t\t\t<\/div>\n\t\t\t\t\t<\/div>\n\t\t\t\t<\/div>\n\t\t<div class=\"elementor-element elementor-element-fd52390 e-flex e-con-boxed e-con e-parent\" data-id=\"fd52390\" data-element_type=\"container\">\n\t\t\t\t\t<div class=\"e-con-inner\">\n\t\t\t\t<div class=\"elementor-element elementor-element-8225fe6 elementor-widget elementor-widget-menu-anchor\" data-id=\"8225fe6\" data-element_type=\"widget\" data-widget_type=\"menu-anchor.default\">\n\t\t\t\t<div class=\"elementor-widget-container\">\n\t\t\t\t\t\t\t<div class=\"elementor-menu-anchor\" id=\"contactform\"><\/div>\n\t\t\t\t\t\t<\/div>\n\t\t\t\t<\/div>\n\t\t\t\t\t<\/div>\n\t\t\t\t<\/div>\n\t\t<div class=\"elementor-element elementor-element-b2992b9 e-flex e-con-boxed e-con e-parent\" data-id=\"b2992b9\" data-element_type=\"container\">\n\t\t\t\t\t<div class=\"e-con-inner\">\n\t\t<div class=\"elementor-element elementor-element-653eaaa e-con-full e-flex e-con e-child\" data-id=\"653eaaa\" data-element_type=\"container\" data-settings=\"{&quot;background_background&quot;:&quot;classic&quot;}\">\n\t\t\t\t<div class=\"elementor-element elementor-element-f309770 align-center cf7-style-1 elementor-widget elementor-widget-mae-contact-form-7\" data-id=\"f309770\" data-element_type=\"widget\" data-widget_type=\"mae-contact-form-7.default\">\n\t\t\t\t<div class=\"elementor-widget-container\">\n\t\t\t\t\t<div class=\"elementor-shortcode ametok-cf7-0\">\n<div class=\"wpcf7 no-js\" id=\"wpcf7-f9646-o1\" lang=\"de-DE\" dir=\"ltr\" data-wpcf7-id=\"9646\">\n<div class=\"screen-reader-response\"><p role=\"status\" aria-live=\"polite\" aria-atomic=\"true\"><\/p> <ul><\/ul><\/div>\n<form action=\"\/en\/wp-json\/wp\/v2\/pages\/9633#wpcf7-f9646-o1\" method=\"post\" class=\"wpcf7-form init\" aria-label=\"Kontaktformular\" novalidate=\"novalidate\" data-status=\"init\" data-trp-original-action=\"\/en\/wp-json\/wp\/v2\/pages\/9633#wpcf7-f9646-o1\">\n<div style=\"display: none;\">\n<input type=\"hidden\" name=\"_wpcf7\" value=\"9646\" \/>\n<input type=\"hidden\" name=\"_wpcf7_version\" value=\"6.0.3\" \/>\n<input type=\"hidden\" name=\"_wpcf7_locale\" value=\"de_DE\" \/>\n<input type=\"hidden\" name=\"_wpcf7_unit_tag\" value=\"wpcf7-f9646-o1\" \/>\n<input type=\"hidden\" name=\"_wpcf7_container_post\" value=\"0\" \/>\n<input type=\"hidden\" name=\"_wpcf7_posted_data_hash\" value=\"\" \/>\n<\/div>\n<span class=\"wpcf7-form-control-wrap\" data-name=\"your-name\"><input size=\"40\" maxlength=\"400\" class=\"wpcf7-form-control wpcf7-text wpcf7-validates-as-required\" aria-required=\"true\" aria-invalid=\"false\" placeholder=\"Name \/ Company\" value=\"\" type=\"text\" name=\"your-name\" \/><\/span>\n\n<span class=\"wpcf7-form-control-wrap\" data-name=\"your-email\"><input size=\"40\" maxlength=\"400\" class=\"wpcf7-form-control wpcf7-email wpcf7-validates-as-required wpcf7-text wpcf7-validates-as-email\" aria-required=\"true\" aria-invalid=\"false\" placeholder=\"Email address\" value=\"\" type=\"email\" name=\"your-email\" \/><\/span>\n\n<span class=\"input-wrap\"><span class=\"wpcf7-form-control-wrap\" data-name=\"tel-617\"><input size=\"40\" maxlength=\"400\" class=\"wpcf7-form-control wpcf7-tel wpcf7-validates-as-required wpcf7-text wpcf7-validates-as-tel\" aria-required=\"true\" aria-invalid=\"false\" placeholder=\"Phone number\" value=\"\" type=\"tel\" name=\"tel-617\" \/><\/span><span class=\"wpcf7-form-control-wrap\" data-name=\"your-subject\"><select class=\"wpcf7-form-control wpcf7-select styled\" aria-invalid=\"false\" name=\"your-subject\"><option value=\"\">Serviceauswahl<\/option><option value=\"Projektanfrage\">Projektanfrage<\/option><option value=\"Anderes\">Anderes<\/option><\/select><\/span><\/span>\n\n<span class=\"wpcf7-form-control-wrap\" data-name=\"your-message\"><textarea cols=\"40\" rows=\"10\" maxlength=\"2000\" class=\"wpcf7-form-control wpcf7-textarea wpcf7-validates-as-required\" aria-required=\"true\" aria-invalid=\"false\" placeholder=\"Write a message\" name=\"your-message\"><\/textarea><\/span>\n\n\n<input class=\"wpcf7-form-control wpcf7-submit has-spinner\" type=\"submit\" value=\"Send\" \/><div class=\"wpcf7-response-output\" aria-hidden=\"true\"><\/div>\n<input type=\"hidden\" name=\"trp-form-language\" value=\"en\"\/><\/form>\n<\/div>\n<\/div>\t\t\t\t<\/div>\n\t\t\t\t<\/div>\n\t\t\t\t<\/div>\n\t\t<div class=\"elementor-element elementor-element-6bd5357 e-con-full e-flex e-con e-child\" data-id=\"6bd5357\" data-element_type=\"container\">\n\t\t<div class=\"elementor-element elementor-element-552d337 e-con-full e-flex e-con e-child\" data-id=\"552d337\" data-element_type=\"container\" data-settings=\"{&quot;background_background&quot;:&quot;classic&quot;}\">\n\t\t\t\t<div class=\"elementor-element elementor-element-fbb5874 elementor-widget elementor-widget-mae-headings\" data-id=\"fbb5874\" data-element_type=\"widget\" data-widget_type=\"mae-headings.default\">\n\t\t\t\t<div class=\"elementor-widget-container\">\n\t\t\t\t\t\t\t<div class=\"master-heading sep-none\">\n\t\t\t\t        \n\t        \n\t        \t        <h2 class=\"main-heading\">Cologne | Rhineland<\/h2>\n\t        \n\t        \n\t        \t    <\/div>\n\t    \t\t\t\t<\/div>\n\t\t\t\t<\/div>\n\t\t\t\t<div class=\"elementor-element elementor-element-94ff99f elementor-widget elementor-widget-text-editor\" data-id=\"94ff99f\" data-element_type=\"widget\" data-widget_type=\"text-editor.default\">\n\t\t\t\t<div class=\"elementor-widget-container\">\n\t\t\t\t\t\t\t\t\t<p>Harry-Blum-Platz 2<br \/>50678 Cologne<br \/>Tel.: +49 (0) 221 29436585 | 86<br \/>Email: info@pi-quant.com<\/p>\t\t\t\t\t\t\t\t<\/div>\n\t\t\t\t<\/div>\n\t\t\t\t<\/div>\n\t\t\t\t<\/div>\n\t\t\t\t\t<\/div>\n\t\t\t\t<\/div>\n\t\t<div class=\"elementor-element elementor-element-5cac5f5 e-flex e-con-boxed e-con e-parent\" data-id=\"5cac5f5\" data-element_type=\"container\">\n\t\t\t\t\t<div class=\"e-con-inner\">\n\t\t\t\t<div class=\"elementor-element elementor-element-357df0d elementor-widget elementor-widget-spacer\" data-id=\"357df0d\" data-element_type=\"widget\" data-widget_type=\"spacer.default\">\n\t\t\t\t<div class=\"elementor-widget-container\">\n\t\t\t\t\t\t\t<div class=\"elementor-spacer\">\n\t\t\t<div class=\"elementor-spacer-inner\"><\/div>\n\t\t<\/div>\n\t\t\t\t\t\t<\/div>\n\t\t\t\t<\/div>\n\t\t\t\t\t<\/div>\n\t\t\t\t<\/div>\n\t\t<div class=\"elementor-element elementor-element-13211c3 e-flex e-con-boxed e-con e-parent\" data-id=\"13211c3\" data-element_type=\"container\">\n\t\t\t\t\t<div class=\"e-con-inner\">\n\t\t\t\t<div class=\"elementor-element elementor-element-765708e elementor-widget elementor-widget-google_maps\" data-id=\"765708e\" data-element_type=\"widget\" data-widget_type=\"google_maps.default\">\n\t\t\t\t<div class=\"elementor-widget-container\">\n\t\t\t\t\t\t\t<div class=\"elementor-custom-embed\">\n\t\t\t<iframe loading=\"lazy\"\n\t\t\t\t\tsrc=\"https:\/\/maps.google.com\/maps?q=K%C3%B6ln%2C%20Harry%20Blum%20PLatz%202&#038;t=m&#038;z=11&#038;output=embed&#038;iwloc=near\"\n\t\t\t\t\ttitle=\"K\u00f6ln, Harry Blum PLatz 2\"\n\t\t\t\t\taria-label=\"K\u00f6ln, Harry Blum PLatz 2\"\n\t\t\t><\/iframe>\n\t\t<\/div>\n\t\t\t\t\t\t<\/div>\n\t\t\t\t<\/div>\n\t\t\t\t\t<\/div>\n\t\t\t\t<\/div>\n\t\t\t\t<\/div>","protected":false},"excerpt":{"rendered":"<p>PIQUANT GmbH Im Rheinauhafen in K\u00f6ln Kontaktieren Sie uns gerne direkt \u00fcber das Formular. Wir werden Ihnen so schnell wie m\u00f6glich eine R\u00fcckmeldung zu Ihrer Thematik geben. Anfragen zu Projekten k\u00f6nnen Sie ebenfalls \u00fcber das folgende Formular absenden. Zu unseren \u00d6ffnungszeiten erreichen Sie uns auch telefonisch. Falls Sie sich bei<\/p>","protected":false},"author":3,"featured_media":0,"parent":0,"menu_order":0,"comment_status":"closed","ping_status":"closed","template":"","meta":{"_monsterinsights_skip_tracking":false,"_monsterinsights_sitenote_active":false,"_monsterinsights_sitenote_note":"","_monsterinsights_sitenote_category":0,"footnotes":""},"class_list":["post-9633","page","type-page","status-publish","hentry"],"aioseo_notices":[],"_links":{"self":[{"href":"https:\/\/pi-quant.com\/en\/wp-json\/wp\/v2\/pages\/9633","targetHints":{"allow":["GET"]}}],"collection":[{"href":"https:\/\/pi-quant.com\/en\/wp-json\/wp\/v2\/pages"}],"about":[{"href":"https:\/\/pi-quant.com\/en\/wp-json\/wp\/v2\/types\/page"}],"author":[{"embeddable":true,"href":"https:\/\/pi-quant.com\/en\/wp-json\/wp\/v2\/users\/3"}],"replies":[{"embeddable":true,"href":"https:\/\/pi-quant.com\/en\/wp-json\/wp\/v2\/comments?post=9633"}],"version-history":[{"count":21,"href":"https:\/\/pi-quant.com\/en\/wp-json\/wp\/v2\/pages\/9633\/revisions"}],"predecessor-version":[{"id":9737,"href":"https:\/\/pi-quant.com\/en\/wp-json\/wp\/v2\/pages\/9633\/revisions\/9737"}],"wp:attachment":[{"href":"https:\/\/pi-quant.com\/en\/wp-json\/wp\/v2\/media?parent=9633"}],"curies":[{"name":"wp","href":"https:\/\/api.w.org\/{rel}","templated":true}]}}