{"id":9657,"date":"2025-07-11T10:52:38","date_gmt":"2025-07-11T08:52:38","guid":{"rendered":"https:\/\/pi-quant.com\/?page_id=9657"},"modified":"2025-07-21T11:35:41","modified_gmt":"2025-07-21T09:35:41","slug":"karriere","status":"publish","type":"page","link":"https:\/\/pi-quant.com\/en\/karriere\/","title":{"rendered":"Careers"},"content":{"rendered":"<div data-elementor-type=\"wp-page\" data-elementor-id=\"9657\" class=\"elementor elementor-9657\">\n\t\t\t\t<div class=\"elementor-element elementor-element-cb9e5c7 e-flex e-con-boxed e-con e-parent\" data-id=\"cb9e5c7\" data-element_type=\"container\">\n\t\t\t\t\t<div class=\"e-con-inner\">\n\t\t<div class=\"elementor-element elementor-element-9e0aeae e-con-full e-flex e-con e-child\" data-id=\"9e0aeae\" data-element_type=\"container\">\n\t\t\t\t<div class=\"elementor-element elementor-element-e21f145 elementor-widget elementor-widget-mae-headings\" data-id=\"e21f145\" data-element_type=\"widget\" data-widget_type=\"mae-headings.default\">\n\t\t\t\t<div class=\"elementor-widget-container\">\n\t\t\t\t\t\t\t<div class=\"master-heading sep-top\">\n\t\t\t<div class=\"sep\"><\/div>\t        \t        \t<div class=\"pre-heading\">Become part of the team<\/div>\n\t        \n\t        \n\t        \t        <h2 class=\"main-heading\">Career at PIQUANT<\/h2>\n\t        \n\t        \n\t        \t    <\/div>\n\t    \t\t\t\t<\/div>\n\t\t\t\t<\/div>\n\t\t<div class=\"elementor-element elementor-element-428517c e-con-full e-flex e-con e-child\" data-id=\"428517c\" data-element_type=\"container\">\n\t\t\t\t<div class=\"elementor-element elementor-element-69d7158 elementor-widget elementor-widget-text-editor\" data-id=\"69d7158\" data-element_type=\"widget\" data-widget_type=\"text-editor.default\">\n\t\t\t\t<div class=\"elementor-widget-container\">\n\t\t\t\t\t\t\t\t\t<p>All our IT specialists are trained on our premises and have extensive knowledge of on-premise, cloud or hybrid infrastructure. Tailor-made trainee programmes teach them how to manage project artefacts effectively and efficiently. No IT specialist at PIQUANT GmbH is deployed to projects without the relevant certificates.<\/p><p>Since our foundation, we have been an IHK-recognised training company with accredited trainers and instructors. We recruit university graduates - even without previous project experience. For each new IT specialist, we create an individually tailored trainee programme that matches their qualifications. Our trainee programmes have been tried and tested several times and have proven effective in practice.<\/p><p>If you would also like to become part of PIQUANT GmbH, please contact us using the form opposite. Don't forget to attach a current CV and optionally a cover letter and let us know what type of employment you are applying for (internship, working student job, part-time, full-time).<\/p>\t\t\t\t\t\t\t\t<\/div>\n\t\t\t\t<\/div>\n\t\t\t\t<\/div>\n\t\t\t\t<\/div>\n\t\t\t\t\t<\/div>\n\t\t\t\t<\/div>\n\t\t<div class=\"elementor-element elementor-element-73d0ccf e-con-full e-flex e-con e-parent\" data-id=\"73d0ccf\" data-element_type=\"container\">\n\t\t<div class=\"elementor-element elementor-element-6f13bc0 e-con-full e-flex e-con e-child\" data-id=\"6f13bc0\" data-element_type=\"container\">\n\t\t\t\t<div class=\"elementor-element elementor-element-b40fee7 elementor-widget elementor-widget-text-editor\" data-id=\"b40fee7\" data-element_type=\"widget\" data-widget_type=\"text-editor.default\">\n\t\t\t\t<div class=\"elementor-widget-container\">\n\t\t\t\t\t\t\t\t\t<p>We can offer employment in the following areas:<br \/><br \/><\/p>\t\t\t\t\t\t\t\t<\/div>\n\t\t\t\t<\/div>\n\t\t\t\t<div class=\"elementor-element elementor-element-1e8e3b4 elementor-icon-list--layout-traditional elementor-list-item-link-full_width elementor-widget elementor-widget-icon-list\" data-id=\"1e8e3b4\" data-element_type=\"widget\" data-widget_type=\"icon-list.default\">\n\t\t\t\t<div class=\"elementor-widget-container\">\n\t\t\t\t\t\t\t<ul class=\"elementor-icon-list-items\">\n\t\t\t\t\t\t\t<li class=\"elementor-icon-list-item\">\n\t\t\t\t\t\t\t\t\t\t\t<span class=\"elementor-icon-list-icon\">\n\t\t\t\t\t\t\t<svg aria-hidden=\"true\" class=\"e-font-icon-svg e-fas-check\" viewbox=\"0 0 512 512\" xmlns=\"http:\/\/www.w3.org\/2000\/svg\"><path d=\"M173.898 439.404l-166.4-166.4c-9.997-9.997-9.997-26.206 0-36.204l36.203-36.204c9.997-9.998 26.207-9.998 36.204 0L192 312.69 432.095 72.596c9.997-9.997 26.207-9.997 36.204 0l36.203 36.204c9.997 9.997 9.997 26.206 0 36.204l-294.4 294.401c-9.998 9.997-26.207 9.997-36.204-.001z\"><\/path><\/svg>\t\t\t\t\t\t<\/span>\n\t\t\t\t\t\t\t\t\t\t<span class=\"elementor-icon-list-text\">IT Consultant specialising in ITIM<\/span>\n\t\t\t\t\t\t\t\t\t<\/li>\n\t\t\t\t\t\t\t\t<li class=\"elementor-icon-list-item\">\n\t\t\t\t\t\t\t\t\t\t\t<span class=\"elementor-icon-list-icon\">\n\t\t\t\t\t\t\t<svg aria-hidden=\"true\" class=\"e-font-icon-svg e-fas-check\" viewbox=\"0 0 512 512\" xmlns=\"http:\/\/www.w3.org\/2000\/svg\"><path d=\"M173.898 439.404l-166.4-166.4c-9.997-9.997-9.997-26.206 0-36.204l36.203-36.204c9.997-9.998 26.207-9.998 36.204 0L192 312.69 432.095 72.596c9.997-9.997 26.207-9.997 36.204 0l36.203 36.204c9.997 9.997 9.997 26.206 0 36.204l-294.4 294.401c-9.998 9.997-26.207 9.997-36.204-.001z\"><\/path><\/svg>\t\t\t\t\t\t<\/span>\n\t\t\t\t\t\t\t\t\t\t<span class=\"elementor-icon-list-text\">IT Consultant specialising in ITSM<\/span>\n\t\t\t\t\t\t\t\t\t<\/li>\n\t\t\t\t\t\t\t\t<li class=\"elementor-icon-list-item\">\n\t\t\t\t\t\t\t\t\t\t\t<span class=\"elementor-icon-list-icon\">\n\t\t\t\t\t\t\t<svg aria-hidden=\"true\" class=\"e-font-icon-svg e-fas-check\" viewbox=\"0 0 512 512\" xmlns=\"http:\/\/www.w3.org\/2000\/svg\"><path d=\"M173.898 439.404l-166.4-166.4c-9.997-9.997-9.997-26.206 0-36.204l36.203-36.204c9.997-9.998 26.207-9.998 36.204 0L192 312.69 432.095 72.596c9.997-9.997 26.207-9.997 36.204 0l36.203 36.204c9.997 9.997 9.997 26.206 0 36.204l-294.4 294.401c-9.998 9.997-26.207 9.997-36.204-.001z\"><\/path><\/svg>\t\t\t\t\t\t<\/span>\n\t\t\t\t\t\t\t\t\t\t<span class=\"elementor-icon-list-text\">Agile Project Management based on Scrum<\/span>\n\t\t\t\t\t\t\t\t\t<\/li>\n\t\t\t\t\t\t\t\t<li class=\"elementor-icon-list-item\">\n\t\t\t\t\t\t\t\t\t\t\t<span class=\"elementor-icon-list-icon\">\n\t\t\t\t\t\t\t<svg aria-hidden=\"true\" class=\"e-font-icon-svg e-fas-check\" viewbox=\"0 0 512 512\" xmlns=\"http:\/\/www.w3.org\/2000\/svg\"><path d=\"M173.898 439.404l-166.4-166.4c-9.997-9.997-9.997-26.206 0-36.204l36.203-36.204c9.997-9.998 26.207-9.998 36.204 0L192 312.69 432.095 72.596c9.997-9.997 26.207-9.997 36.204 0l36.203 36.204c9.997 9.997 9.997 26.206 0 36.204l-294.4 294.401c-9.998 9.997-26.207 9.997-36.204-.001z\"><\/path><\/svg>\t\t\t\t\t\t<\/span>\n\t\t\t\t\t\t\t\t\t\t<span class=\"elementor-icon-list-text\">Finance and Accounting<\/span>\n\t\t\t\t\t\t\t\t\t<\/li>\n\t\t\t\t\t\t<\/ul>\n\t\t\t\t\t\t<\/div>\n\t\t\t\t<\/div>\n\t\t\t\t<div class=\"elementor-element elementor-element-e37475d elementor-widget elementor-widget-spacer\" data-id=\"e37475d\" data-element_type=\"widget\" data-widget_type=\"spacer.default\">\n\t\t\t\t<div class=\"elementor-widget-container\">\n\t\t\t\t\t\t\t<div class=\"elementor-spacer\">\n\t\t\t<div class=\"elementor-spacer-inner\"><\/div>\n\t\t<\/div>\n\t\t\t\t\t\t<\/div>\n\t\t\t\t<\/div>\n\t\t\t\t<div class=\"elementor-element elementor-element-052c10f elementor-widget elementor-widget-testimonial\" data-id=\"052c10f\" data-element_type=\"widget\" data-widget_type=\"testimonial.default\">\n\t\t\t\t<div class=\"elementor-widget-container\">\n\t\t\t\t\t\t\t<div class=\"elementor-testimonial-wrapper\">\n\t\t\t\t\t\t\t<div class=\"elementor-testimonial-content\">We look forward to hearing from you!<\/div>\n\t\t\t\n\t\t\t\t\t\t<div class=\"elementor-testimonial-meta elementor-has-image elementor-testimonial-image-position-aside\">\n\t\t\t\t<div class=\"elementor-testimonial-meta-inner\">\n\t\t\t\t\t\t\t\t\t\t\t<div class=\"elementor-testimonial-image\">\n\t\t\t\t\t\t\t<img fetchpriority=\"high\" decoding=\"async\" width=\"522\" height=\"502\" src=\"https:\/\/pi-quant.com\/wp-content\/uploads\/2025\/07\/PIQLogo.jpg\" class=\"attachment-full size-full wp-image-9660\" alt=\"\" srcset=\"https:\/\/pi-quant.com\/wp-content\/uploads\/2025\/07\/PIQLogo.jpg 522w, https:\/\/pi-quant.com\/wp-content\/uploads\/2025\/07\/PIQLogo-300x289.jpg 300w\" sizes=\"(max-width: 522px) 100vw, 522px\" \/>\t\t\t\t\t\t<\/div>\n\t\t\t\t\t\n\t\t\t\t\t\t\t\t\t\t<div class=\"elementor-testimonial-details\">\n\t\t\t\t\t\t\t\t\t\t\t\t\t\t<div class=\"elementor-testimonial-name\">PIQUANT GmbH<\/div>\n\t\t\t\t\t\t\t\t\t\t\t\t\t\t\t\t\t\t\t\t\t\t<div class=\"elementor-testimonial-job\">Power in IT Service Management<\/div>\n\t\t\t\t\t\t\t\t\t\t\t\t\t<\/div>\n\t\t\t\t\t\t\t\t\t<\/div>\n\t\t\t<\/div>\n\t\t\t\t\t<\/div>\n\t\t\t\t\t\t<\/div>\n\t\t\t\t<\/div>\n\t\t\t\t<\/div>\n\t\t<div class=\"elementor-element elementor-element-f7b6f7b e-con-full e-flex e-con e-child\" data-id=\"f7b6f7b\" data-element_type=\"container\">\n\t\t<div class=\"elementor-element elementor-element-339e327 e-con-full e-flex e-con e-child\" data-id=\"339e327\" data-element_type=\"container\">\n\t\t\t\t<div class=\"elementor-element elementor-element-cf5baf4 cf7-style-1 elementor-widget elementor-widget-mae-contact-form-7\" data-id=\"cf5baf4\" data-element_type=\"widget\" data-widget_type=\"mae-contact-form-7.default\">\n\t\t\t\t<div class=\"elementor-widget-container\">\n\t\t\t\t\t<div class=\"elementor-shortcode ametok-cf7-0\">\n<div class=\"wpcf7 no-js\" id=\"wpcf7-f9664-o1\" lang=\"de-DE\" dir=\"ltr\" data-wpcf7-id=\"9664\">\n<div class=\"screen-reader-response\"><p role=\"status\" aria-live=\"polite\" aria-atomic=\"true\"><\/p> <ul><\/ul><\/div>\n<form action=\"\/en\/wp-json\/wp\/v2\/pages\/9657#wpcf7-f9664-o1\" method=\"post\" class=\"wpcf7-form init\" aria-label=\"Kontaktformular\" enctype=\"multipart\/form-data\" novalidate=\"novalidate\" data-status=\"init\" data-trp-original-action=\"\/en\/wp-json\/wp\/v2\/pages\/9657#wpcf7-f9664-o1\">\n<div style=\"display: none;\">\n<input type=\"hidden\" name=\"_wpcf7\" value=\"9664\" \/>\n<input type=\"hidden\" name=\"_wpcf7_version\" value=\"6.0.3\" \/>\n<input type=\"hidden\" name=\"_wpcf7_locale\" value=\"de_DE\" \/>\n<input type=\"hidden\" name=\"_wpcf7_unit_tag\" value=\"wpcf7-f9664-o1\" \/>\n<input type=\"hidden\" name=\"_wpcf7_container_post\" value=\"0\" \/>\n<input type=\"hidden\" name=\"_wpcf7_posted_data_hash\" value=\"\" \/>\n<\/div>\n<span class=\"wpcf7-form-control-wrap\" data-name=\"your-name\"><input size=\"40\" maxlength=\"400\" class=\"wpcf7-form-control wpcf7-text wpcf7-validates-as-required\" aria-required=\"true\" aria-invalid=\"false\" placeholder=\"Name\" value=\"\" type=\"text\" name=\"your-name\" \/><\/span>\n\n<span class=\"wpcf7-form-control-wrap\" data-name=\"your-email\"><input size=\"40\" maxlength=\"400\" class=\"wpcf7-form-control wpcf7-email wpcf7-validates-as-required wpcf7-text wpcf7-validates-as-email\" aria-required=\"true\" aria-invalid=\"false\" placeholder=\"Email adress\" value=\"\" type=\"email\" name=\"your-email\" \/><\/span>\n\n<label>CV, Cover letter and certificates (PDF or ZIP file, max. 5MB)<\/label>\n<span class=\"wpcf7-form-control-wrap\" data-name=\"bewerbungsunterlagen\"><input size=\"40\" class=\"wpcf7-form-control wpcf7-file wpcf7-validates-as-required\" accept=\".pdf,.zip\" aria-required=\"true\" aria-invalid=\"false\" type=\"file\" name=\"bewerbungsunterlagen\" \/><\/span>\n\n<input class=\"wpcf7-form-control wpcf7-hidden\" value=\"Bewerbung\" type=\"hidden\" name=\"your-subject\" \/>\n\n<input class=\"wpcf7-form-control wpcf7-submit has-spinner\" type=\"submit\" value=\"Send application\" \/><div class=\"wpcf7-response-output\" aria-hidden=\"true\"><\/div>\n<input type=\"hidden\" name=\"trp-form-language\" value=\"en\"\/><\/form>\n<\/div>\n<\/div>\t\t\t\t<\/div>\n\t\t\t\t<\/div>\n\t\t\t\t<\/div>\n\t\t\t\t<\/div>\n\t\t\t\t<\/div>\n\t\t\t\t<\/div>","protected":false},"excerpt":{"rendered":"<p>Werde Teil des Teams Karriere bei PIQUANT Alle unsere IT-Spezialisten sind in unseren R\u00e4umlichkeiten ausgebildet und verf\u00fcgen \u00fcber ein umfassendes Wissen im Bereich On-Premise-, Cloud-oder Hybridsinfrastruktur. Durch ma\u00dfgeschneiderte Trainee-Programme lernen sie, wie sie Projektartefakte effektiv und effizient verwalten. Kein IT-Spezialist der PIQUANT GmbH\u00a0 wird ohne die entsprechenden Zertifikate f\u00fcr Projekte<\/p>","protected":false},"author":3,"featured_media":0,"parent":0,"menu_order":0,"comment_status":"closed","ping_status":"closed","template":"","meta":{"_monsterinsights_skip_tracking":false,"_monsterinsights_sitenote_active":false,"_monsterinsights_sitenote_note":"","_monsterinsights_sitenote_category":0,"footnotes":""},"class_list":["post-9657","page","type-page","status-publish","hentry"],"aioseo_notices":[],"_links":{"self":[{"href":"https:\/\/pi-quant.com\/en\/wp-json\/wp\/v2\/pages\/9657","targetHints":{"allow":["GET"]}}],"collection":[{"href":"https:\/\/pi-quant.com\/en\/wp-json\/wp\/v2\/pages"}],"about":[{"href":"https:\/\/pi-quant.com\/en\/wp-json\/wp\/v2\/types\/page"}],"author":[{"embeddable":true,"href":"https:\/\/pi-quant.com\/en\/wp-json\/wp\/v2\/users\/3"}],"replies":[{"embeddable":true,"href":"https:\/\/pi-quant.com\/en\/wp-json\/wp\/v2\/comments?post=9657"}],"version-history":[{"count":28,"href":"https:\/\/pi-quant.com\/en\/wp-json\/wp\/v2\/pages\/9657\/revisions"}],"predecessor-version":[{"id":9895,"href":"https:\/\/pi-quant.com\/en\/wp-json\/wp\/v2\/pages\/9657\/revisions\/9895"}],"wp:attachment":[{"href":"https:\/\/pi-quant.com\/en\/wp-json\/wp\/v2\/media?parent=9657"}],"curies":[{"name":"wp","href":"https:\/\/api.w.org\/{rel}","templated":true}]}}