{"id":9684,"date":"2025-07-11T12:00:58","date_gmt":"2025-07-11T10:00:58","guid":{"rendered":"https:\/\/pi-quant.com\/?page_id=9684"},"modified":"2026-05-06T12:16:37","modified_gmt":"2026-05-06T10:16:37","slug":"unser-team","status":"publish","type":"page","link":"https:\/\/pi-quant.com\/en\/unser-team\/","title":{"rendered":"Our team"},"content":{"rendered":"<div data-elementor-type=\"wp-page\" data-elementor-id=\"9684\" class=\"elementor elementor-9684\">\n\t\t\t\t<div class=\"elementor-element elementor-element-ca9ec04 e-flex e-con-boxed e-con e-parent\" data-id=\"ca9ec04\" data-element_type=\"container\">\n\t\t\t\t\t<div class=\"e-con-inner\">\n\t\t\t\t<div class=\"elementor-element elementor-element-287ed17 align-center elementor-widget elementor-widget-mae-headings\" data-id=\"287ed17\" data-element_type=\"widget\" data-widget_type=\"mae-headings.default\">\n\t\t\t\t<div class=\"elementor-widget-container\">\n\t\t\t\t\t\t\t<div class=\"master-heading sep-before\">\n\t\t\t\t        \t        \t<div class=\"pre-heading\">This is us<\/div>\n\t        \n\t        <div class=\"sep\"><\/div>\n\t        \t        <h2 class=\"main-heading\">Our team<\/h2>\n\t        \n\t        \n\t        \t            <div class=\"sub-heading\">We could not offer our high-quality services without our dedicated team.\nAll our employees are well-trained and bring in-depth expertise in their respective fields. Strong professional knowledge is essential to avoid serious errors and to achieve goals with the highest level of quality.\nWe actively promote team spirit and a collaborative work environment \u2013 whether during project work or while enjoying a coffee break together. Looking ahead, we aim to continue growing in order to support even more companies reliably with our IT consulting expertise.<\/div>\n\t        \t    <\/div>\n\t    \t\t\t\t<\/div>\n\t\t\t\t<\/div>\n\t\t\t\t\t<\/div>\n\t\t\t\t<\/div>\n\t\t<div class=\"elementor-element elementor-element-a5d35f6 e-flex e-con-boxed e-con e-parent\" data-id=\"a5d35f6\" data-element_type=\"container\">\n\t\t\t\t\t<div class=\"e-con-inner\">\n\t\t\t\t<div class=\"elementor-element elementor-element-4c6a8ba team-style-1 elementor-widget elementor-widget-mae-team-carousel\" data-id=\"4c6a8ba\" data-element_type=\"widget\" data-widget_type=\"mae-team-carousel.default\">\n\t\t\t\t<div class=\"elementor-widget-container\">\n\t\t\t\t\t\n        <div class=\"master-carousel-box mlr-882488838\" data-config='{\"column\":\"3\",\"gap\":\"30px\",\"arrowPosition\":\"middle\",\"arrowMiddleOffset\":\"70px\",\"arrowTopOffset\":null,\"dotOffset\":\"60px\",\"stretch\":\"no\",\"autoPlay\":true,\"prevNextButtons\":true,\"pageDots\":true,\"activeIndex\":\"\"}'>\n                            <div class=\"master-team item-carousel\">\n                    <div class=\"inner\">\n                        <div class=\"avatar\"><a aria-label=\"avatar\" href=\"#\"><img fetchpriority=\"high\" decoding=\"async\" width=\"800\" height=\"800\" src=\"https:\/\/pi-quant.com\/wp-content\/uploads\/2025\/07\/PortraitGazi.jpg\" class=\"attachment-full size-full\" alt=\"\" srcset=\"https:\/\/pi-quant.com\/wp-content\/uploads\/2025\/07\/PortraitGazi.jpg 800w, https:\/\/pi-quant.com\/wp-content\/uploads\/2025\/07\/PortraitGazi-300x300.jpg 300w, https:\/\/pi-quant.com\/wp-content\/uploads\/2025\/07\/PortraitGazi-150x150.jpg 150w, https:\/\/pi-quant.com\/wp-content\/uploads\/2025\/07\/PortraitGazi-768x768.jpg 768w, https:\/\/pi-quant.com\/wp-content\/uploads\/2025\/07\/PortraitGazi-60x60.jpg 60w\" sizes=\"(max-width: 800px) 100vw, 800px\" \/><\/a><\/div>                        <div class=\"content-wrap\">\n                            <div class=\"name-role-info\">\n                                <h3 class=\"team-name\"><a href=\"#\">Dr. Gazi Barut<\/a><\/h3><span class=\"team-role\">Managing Director and IT Architect<\/span>                            <\/div>\n\n                            <div class=\"socials-wrap\"><a aria-label=\"icon\" href=\"#\"><\/a><a aria-label=\"icon\" href=\"#\"><\/a><a aria-label=\"icon\" href=\"#\"><\/a><a aria-label=\"icon\" href=\"#\"><\/a><\/div>                        <\/div>\n                    <\/div>\n                <\/div>\n                            <div class=\"master-team item-carousel\">\n                    <div class=\"inner\">\n                        <div class=\"avatar\"><a aria-label=\"avatar\" href=\"#\"><img decoding=\"async\" width=\"800\" height=\"800\" src=\"https:\/\/pi-quant.com\/wp-content\/uploads\/2025\/07\/PortraitPaul.jpg\" class=\"attachment-full size-full\" alt=\"\" srcset=\"https:\/\/pi-quant.com\/wp-content\/uploads\/2025\/07\/PortraitPaul.jpg 800w, https:\/\/pi-quant.com\/wp-content\/uploads\/2025\/07\/PortraitPaul-300x300.jpg 300w, https:\/\/pi-quant.com\/wp-content\/uploads\/2025\/07\/PortraitPaul-150x150.jpg 150w, https:\/\/pi-quant.com\/wp-content\/uploads\/2025\/07\/PortraitPaul-768x768.jpg 768w, https:\/\/pi-quant.com\/wp-content\/uploads\/2025\/07\/PortraitPaul-60x60.jpg 60w\" sizes=\"(max-width: 800px) 100vw, 800px\" \/><\/a><\/div>                        <div class=\"content-wrap\">\n                            <div class=\"name-role-info\">\n                                <h3 class=\"team-name\"><a href=\"#\">Paul Koch<\/a><\/h3><span class=\"team-role\">Application and System Administrator<\/span>                            <\/div>\n\n                            <div class=\"socials-wrap\"><a aria-label=\"icon\" href=\"#\"><\/a><a aria-label=\"icon\" href=\"#\"><\/a><a aria-label=\"icon\" href=\"#\"><\/a><a aria-label=\"icon\" href=\"#\"><\/a><\/div>                        <\/div>\n                    <\/div>\n                <\/div>\n                            <div class=\"master-team item-carousel\">\n                    <div class=\"inner\">\n                        <div class=\"avatar\"><a aria-label=\"avatar\" href=\"#\"><img decoding=\"async\" width=\"522\" height=\"502\" src=\"https:\/\/pi-quant.com\/wp-content\/uploads\/2025\/07\/PIQLogo.jpg\" class=\"attachment-full size-full\" alt=\"\" srcset=\"https:\/\/pi-quant.com\/wp-content\/uploads\/2025\/07\/PIQLogo.jpg 522w, https:\/\/pi-quant.com\/wp-content\/uploads\/2025\/07\/PIQLogo-300x289.jpg 300w\" sizes=\"(max-width: 522px) 100vw, 522px\" \/><\/a><\/div>                        <div class=\"content-wrap\">\n                            <div class=\"name-role-info\">\n                                <h3 class=\"team-name\"><a href=\"#\">Meryem Berfin Aydin<\/a><\/h3><span class=\"team-role\">Linux Subject Matter Experts<\/span>                            <\/div>\n\n                            <div class=\"socials-wrap\"><a aria-label=\"icon\" href=\"#\"><\/a><a aria-label=\"icon\" href=\"#\"><\/a><a aria-label=\"icon\" href=\"#\"><\/a><a aria-label=\"icon\" href=\"#\"><\/a><\/div>                        <\/div>\n                    <\/div>\n                <\/div>\n                            <div class=\"master-team item-carousel\">\n                    <div class=\"inner\">\n                        <div class=\"avatar\"><a aria-label=\"avatar\" href=\"#\"><img decoding=\"async\" width=\"522\" height=\"502\" src=\"https:\/\/pi-quant.com\/wp-content\/uploads\/2025\/07\/PIQLogo.jpg\" class=\"attachment-full size-full\" alt=\"\" srcset=\"https:\/\/pi-quant.com\/wp-content\/uploads\/2025\/07\/PIQLogo.jpg 522w, https:\/\/pi-quant.com\/wp-content\/uploads\/2025\/07\/PIQLogo-300x289.jpg 300w\" sizes=\"(max-width: 522px) 100vw, 522px\" \/><\/a><\/div>                        <div class=\"content-wrap\">\n                            <div class=\"name-role-info\">\n                                <h3 class=\"team-name\"><a href=\"#\">Levin Barut<\/a><\/h3><span class=\"team-role\">Trainee IT Management<\/span>                            <\/div>\n\n                            <div class=\"socials-wrap\"><a aria-label=\"icon\" href=\"#\"><\/a><a aria-label=\"icon\" href=\"#\"><\/a><a aria-label=\"icon\" href=\"#\"><\/a><a aria-label=\"icon\" href=\"#\"><\/a><\/div>                        <\/div>\n                    <\/div>\n                <\/div>\n                            <div class=\"master-team item-carousel\">\n                    <div class=\"inner\">\n                        <div class=\"avatar\"><a aria-label=\"avatar\" href=\"#\"><img decoding=\"async\" width=\"522\" height=\"502\" src=\"https:\/\/pi-quant.com\/wp-content\/uploads\/2025\/07\/PIQLogo.jpg\" class=\"attachment-full size-full\" alt=\"\" srcset=\"https:\/\/pi-quant.com\/wp-content\/uploads\/2025\/07\/PIQLogo.jpg 522w, https:\/\/pi-quant.com\/wp-content\/uploads\/2025\/07\/PIQLogo-300x289.jpg 300w\" sizes=\"(max-width: 522px) 100vw, 522px\" \/><\/a><\/div>                        <div class=\"content-wrap\">\n                            <div class=\"name-role-info\">\n                                <h3 class=\"team-name\"><a href=\"#\">Marc Goedecke<\/a><\/h3><span class=\"team-role\">Trainee KI und Maschine Learning<\/span>                            <\/div>\n\n                            <div class=\"socials-wrap\"><a aria-label=\"icon\" href=\"#\"><\/a><a aria-label=\"icon\" href=\"#\"><\/a><a aria-label=\"icon\" href=\"#\"><\/a><a aria-label=\"icon\" href=\"#\"><\/a><\/div>                        <\/div>\n                    <\/div>\n                <\/div>\n                            <div class=\"master-team item-carousel\">\n                    <div class=\"inner\">\n                        <div class=\"avatar\"><a aria-label=\"avatar\" href=\"#\"><\/a><\/div>                        <div class=\"content-wrap\">\n                            <div class=\"name-role-info\">\n                                <h3 class=\"team-name\"><a href=\"#\">New Member<\/a><\/h3><span class=\"team-role\">Manager<\/span>                            <\/div>\n\n                            <div class=\"socials-wrap\"><a aria-label=\"icon\" href=\"#\"><i aria-hidden=\"true\" class=\"ci-twitter\"><\/i><\/a><a aria-label=\"icon\" href=\"#\"><i aria-hidden=\"true\" class=\"ci-facebook-square\"><\/i><\/a><a aria-label=\"icon\" href=\"#\"><i aria-hidden=\"true\" class=\"ci-pinterest\"><\/i><\/a><a aria-label=\"icon\" href=\"#\"><i aria-hidden=\"true\" class=\"ci-instagram\"><\/i><\/a><\/div>                        <\/div>\n                    <\/div>\n                <\/div>\n                    <\/div>\n\n        \t\t\t\t<\/div>\n\t\t\t\t<\/div>\n\t\t\t\t\t<\/div>\n\t\t\t\t<\/div>\n\t\t\t\t<\/div>","protected":false},"excerpt":{"rendered":"<p>Das sind wir Unser Team Unsere hochwertigen Services k\u00f6nnten wir ohne unser engagiertes Team nicht anbieten. Alle unsere Mitarbeiter sind bestens ausgebildet und bringen fundiertes Fachwissen in ihren spezifischen Bereichen mit. Eine hervorragende Expertise ist notwendig, um schwerwiegende Fehler zu vermeiden und Ziele mit h\u00f6chster Qualit\u00e4t abzuschlie\u00dfen. Wir f\u00f6rdern aktiv<\/p>","protected":false},"author":3,"featured_media":0,"parent":0,"menu_order":0,"comment_status":"closed","ping_status":"closed","template":"","meta":{"_monsterinsights_skip_tracking":false,"_monsterinsights_sitenote_active":false,"_monsterinsights_sitenote_note":"","_monsterinsights_sitenote_category":0,"footnotes":""},"class_list":["post-9684","page","type-page","status-publish","hentry"],"aioseo_notices":[],"_links":{"self":[{"href":"https:\/\/pi-quant.com\/en\/wp-json\/wp\/v2\/pages\/9684","targetHints":{"allow":["GET"]}}],"collection":[{"href":"https:\/\/pi-quant.com\/en\/wp-json\/wp\/v2\/pages"}],"about":[{"href":"https:\/\/pi-quant.com\/en\/wp-json\/wp\/v2\/types\/page"}],"author":[{"embeddable":true,"href":"https:\/\/pi-quant.com\/en\/wp-json\/wp\/v2\/users\/3"}],"replies":[{"embeddable":true,"href":"https:\/\/pi-quant.com\/en\/wp-json\/wp\/v2\/comments?post=9684"}],"version-history":[{"count":16,"href":"https:\/\/pi-quant.com\/en\/wp-json\/wp\/v2\/pages\/9684\/revisions"}],"predecessor-version":[{"id":10001,"href":"https:\/\/pi-quant.com\/en\/wp-json\/wp\/v2\/pages\/9684\/revisions\/10001"}],"wp:attachment":[{"href":"https:\/\/pi-quant.com\/en\/wp-json\/wp\/v2\/media?parent=9684"}],"curies":[{"name":"wp","href":"https:\/\/api.w.org\/{rel}","templated":true}]}}