{"id":9697,"date":"2025-07-11T13:15:17","date_gmt":"2025-07-11T11:15:17","guid":{"rendered":"https:\/\/pi-quant.com\/?page_id=9697"},"modified":"2025-07-11T15:14:10","modified_gmt":"2025-07-11T13:14:10","slug":"ueber-uns","status":"publish","type":"page","link":"https:\/\/pi-quant.com\/en\/ueber-uns\/","title":{"rendered":"About us"},"content":{"rendered":"<div data-elementor-type=\"wp-page\" data-elementor-id=\"9697\" class=\"elementor elementor-9697\">\n\t\t\t\t<div class=\"elementor-element elementor-element-e6ea1ce e-flex e-con-boxed e-con e-parent\" data-id=\"e6ea1ce\" data-element_type=\"container\">\n\t\t\t\t\t<div class=\"e-con-inner\">\n\t\t<div class=\"elementor-element elementor-element-37d0bec e-con-full e-flex e-con e-child\" data-id=\"37d0bec\" data-element_type=\"container\">\n\t\t\t\t<div class=\"elementor-element elementor-element-121e956 elementor-widget elementor-widget-mae-headings\" data-id=\"121e956\" data-element_type=\"widget\" data-widget_type=\"mae-headings.default\">\n\t\t\t\t<div class=\"elementor-widget-container\">\n\t\t\t\t\t\t\t<div class=\"master-heading sep-top\">\n\t\t\t<div class=\"sep\"><\/div>\t        \n\t        \n\t        \t        <h2 class=\"main-heading\">Our corporate philosophy<\/h2>\n\t        \n\t        \n\t        \t            <div class=\"sub-heading\">Young people for a company with a future<\/div>\n\t        \t    <\/div>\n\t    \t\t\t\t<\/div>\n\t\t\t\t<\/div>\n\t\t\t\t<\/div>\n\t\t<div class=\"elementor-element elementor-element-e3185e6 e-con-full e-flex e-con e-child\" data-id=\"e3185e6\" data-element_type=\"container\">\n\t\t\t\t<div class=\"elementor-element elementor-element-4411a21 elementor-widget elementor-widget-image\" data-id=\"4411a21\" data-element_type=\"widget\" data-widget_type=\"image.default\">\n\t\t\t\t<div class=\"elementor-widget-container\">\n\t\t\t\t\t\t\t\t\t\t\t\t\t\t\t<img fetchpriority=\"high\" decoding=\"async\" width=\"964\" height=\"340\" src=\"https:\/\/pi-quant.com\/wp-content\/uploads\/2021\/07\/logo@2x-1.png\" class=\"attachment-large size-large wp-image-9119\" alt=\"\" srcset=\"https:\/\/pi-quant.com\/wp-content\/uploads\/2021\/07\/logo@2x-1.png 964w, https:\/\/pi-quant.com\/wp-content\/uploads\/2021\/07\/logo@2x-1-300x106.png 300w, https:\/\/pi-quant.com\/wp-content\/uploads\/2021\/07\/logo@2x-1-768x271.png 768w\" sizes=\"(max-width: 964px) 100vw, 964px\" \/>\t\t\t\t\t\t\t\t\t\t\t\t\t\t\t<\/div>\n\t\t\t\t<\/div>\n\t\t\t\t<\/div>\n\t\t\t\t\t<\/div>\n\t\t\t\t<\/div>\n\t\t<div class=\"elementor-element elementor-element-c869b75 e-flex e-con-boxed e-con e-parent\" data-id=\"c869b75\" data-element_type=\"container\">\n\t\t\t\t\t<div class=\"e-con-inner\">\n\t\t\t\t<div class=\"elementor-element elementor-element-b7fe1f4 elementor-widget elementor-widget-text-editor\" data-id=\"b7fe1f4\" data-element_type=\"widget\" data-widget_type=\"text-editor.default\">\n\t\t\t\t<div class=\"elementor-widget-container\">\n\t\t\t\t\t\t\t\t\t<p><span class=\"accent-color\">The origins of our philosophy<br \/><\/span>When PIQUANT GmbH was founded in 2013 by Managing Director Dr. Gazi Barut, he had a clear goal for his company: To train young people with potential and turn them into IT experts.<br \/>Dr. Gazi Barut previously worked as an IT consultant and lecturer at IBM for over 15 years and was able to bring a great deal of expertise from there, both in IT and as a mentor. At PIQUANT, he was able to successfully implement his concept and more than 15 employees have been trained in his own company in Cologne to date. In addition to an accredited IHK trainer, PIQUANT also has an excellent IT infrastructure consisting of Amazon Web Services, Microsoft Azure, SAP and on-premise technology to support training in various IT specialisms.<\/p><p><span class=\"accent-color\">From assessment to the trainee programme<\/span><br \/>We attach great importance to specific further training after graduation.<br \/>Each of our employees can filter their strengths, weaknesses and special interests in an assessment, on the basis of which a tailor-made trainee programme is developed. This gives them the opportunity to compensate for deficits and become an expert in specialised areas. These competences are deepened and consolidated in company-internal, practice-related projects, so that many of the project results have become indispensable in day-to-day work.<br \/>After 8 - 12 months, the trainee programme ends with the acquisition of at least one certificate. During the training and preparation period, PIQUANT, as an officially recognised IHK training company, can provide the best basis for successful learning and a good qualification.<\/p>\t\t\t\t\t\t\t\t<\/div>\n\t\t\t\t<\/div>\n\t\t\t\t<div class=\"elementor-element elementor-element-366704b elementor-widget elementor-widget-spacer\" data-id=\"366704b\" data-element_type=\"widget\" data-widget_type=\"spacer.default\">\n\t\t\t\t<div class=\"elementor-widget-container\">\n\t\t\t\t\t\t\t<div class=\"elementor-spacer\">\n\t\t\t<div class=\"elementor-spacer-inner\"><\/div>\n\t\t<\/div>\n\t\t\t\t\t\t<\/div>\n\t\t\t\t<\/div>\n\t\t<div class=\"elementor-element elementor-element-e535b21 e-con-full e-flex e-con e-child\" data-id=\"e535b21\" data-element_type=\"container\">\n\t\t\t\t<div class=\"elementor-element elementor-element-5e116fc elementor-widget__width-initial elementor-widget elementor-widget-image\" data-id=\"5e116fc\" data-element_type=\"widget\" data-widget_type=\"image.default\">\n\t\t\t\t<div class=\"elementor-widget-container\">\n\t\t\t\t\t\t\t\t\t\t\t\t\t\t\t<img decoding=\"async\" width=\"1000\" height=\"666\" src=\"https:\/\/pi-quant.com\/wp-content\/uploads\/2025\/07\/iStock-PMOIT.jpg\" class=\"attachment-large size-large wp-image-9703\" alt=\"\" srcset=\"https:\/\/pi-quant.com\/wp-content\/uploads\/2025\/07\/iStock-PMOIT.jpg 1000w, https:\/\/pi-quant.com\/wp-content\/uploads\/2025\/07\/iStock-PMOIT-300x200.jpg 300w, https:\/\/pi-quant.com\/wp-content\/uploads\/2025\/07\/iStock-PMOIT-768x511.jpg 768w\" sizes=\"(max-width: 1000px) 100vw, 1000px\" \/>\t\t\t\t\t\t\t\t\t\t\t\t\t\t\t<\/div>\n\t\t\t\t<\/div>\n\t\t\t\t<div class=\"elementor-element elementor-element-b192e8a elementor-widget elementor-widget-text-editor\" data-id=\"b192e8a\" data-element_type=\"widget\" data-widget_type=\"text-editor.default\">\n\t\t\t\t<div class=\"elementor-widget-container\">\n\t\t\t\t\t\t\t\t\t<p><span class=\"accent-color\">Getting started with the first project<\/span><br \/>Only when the trainee programme has been successfully completed and the new employee has become an expert in their specialist area, they are placed in a suitable project. There, the customer can be professionally supported with the specific expertise.<\/p><p>Even after the initial training, the learning never stops. We believe in continuous development and the targeted promotion of young talent.<\/p>\t\t\t\t\t\t\t\t<\/div>\n\t\t\t\t<\/div>\n\t\t\t\t<\/div>\n\t\t\t\t<div class=\"elementor-element elementor-element-f046f1c elementor-widget elementor-widget-spacer\" data-id=\"f046f1c\" data-element_type=\"widget\" data-widget_type=\"spacer.default\">\n\t\t\t\t<div class=\"elementor-widget-container\">\n\t\t\t\t\t\t\t<div class=\"elementor-spacer\">\n\t\t\t<div class=\"elementor-spacer-inner\"><\/div>\n\t\t<\/div>\n\t\t\t\t\t\t<\/div>\n\t\t\t\t<\/div>\n\t\t\t\t<div class=\"elementor-element elementor-element-b8e4c8d elementor-icon-list--layout-traditional elementor-list-item-link-full_width elementor-widget elementor-widget-icon-list\" data-id=\"b8e4c8d\" data-element_type=\"widget\" data-widget_type=\"icon-list.default\">\n\t\t\t\t<div class=\"elementor-widget-container\">\n\t\t\t\t\t\t\t<ul class=\"elementor-icon-list-items\">\n\t\t\t\t\t\t\t<li class=\"elementor-icon-list-item\">\n\t\t\t\t\t\t\t\t\t\t\t<span class=\"elementor-icon-list-icon\">\n\t\t\t\t\t\t\t<svg aria-hidden=\"true\" class=\"e-font-icon-svg e-fas-check\" viewbox=\"0 0 512 512\" xmlns=\"http:\/\/www.w3.org\/2000\/svg\"><path d=\"M173.898 439.404l-166.4-166.4c-9.997-9.997-9.997-26.206 0-36.204l36.203-36.204c9.997-9.998 26.207-9.998 36.204 0L192 312.69 432.095 72.596c9.997-9.997 26.207-9.997 36.204 0l36.203 36.204c9.997 9.997 9.997 26.206 0 36.204l-294.4 294.401c-9.998 9.997-26.207 9.997-36.204-.001z\"><\/path><\/svg>\t\t\t\t\t\t<\/span>\n\t\t\t\t\t\t\t\t\t\t<span class=\"elementor-icon-list-text\"><span class=\"accent-color\">Individual support<\/span>: Our trainees and career starters receive intensive and personal support<\/span>\n\t\t\t\t\t\t\t\t\t<\/li>\n\t\t\t\t\t\t\t\t<li class=\"elementor-icon-list-item\">\n\t\t\t\t\t\t\t\t\t\t\t<span class=\"elementor-icon-list-icon\">\n\t\t\t\t\t\t\t<svg aria-hidden=\"true\" class=\"e-font-icon-svg e-fas-check\" viewbox=\"0 0 512 512\" xmlns=\"http:\/\/www.w3.org\/2000\/svg\"><path d=\"M173.898 439.404l-166.4-166.4c-9.997-9.997-9.997-26.206 0-36.204l36.203-36.204c9.997-9.998 26.207-9.998 36.204 0L192 312.69 432.095 72.596c9.997-9.997 26.207-9.997 36.204 0l36.203 36.204c9.997 9.997 9.997 26.206 0 36.204l-294.4 294.401c-9.998 9.997-26.207 9.997-36.204-.001z\"><\/path><\/svg>\t\t\t\t\t\t<\/span>\n\t\t\t\t\t\t\t\t\t\t<span class=\"elementor-icon-list-text\"><span class=\"accent-color\">High quality standards<\/span>: We attach great importance to standards and continuous development<\/span>\n\t\t\t\t\t\t\t\t\t<\/li>\n\t\t\t\t\t\t\t\t<li class=\"elementor-icon-list-item\">\n\t\t\t\t\t\t\t\t\t\t\t<span class=\"elementor-icon-list-icon\">\n\t\t\t\t\t\t\t<svg aria-hidden=\"true\" class=\"e-font-icon-svg e-fas-check\" viewbox=\"0 0 512 512\" xmlns=\"http:\/\/www.w3.org\/2000\/svg\"><path d=\"M173.898 439.404l-166.4-166.4c-9.997-9.997-9.997-26.206 0-36.204l36.203-36.204c9.997-9.998 26.207-9.998 36.204 0L192 312.69 432.095 72.596c9.997-9.997 26.207-9.997 36.204 0l36.203 36.204c9.997 9.997 9.997 26.206 0 36.204l-294.4 294.401c-9.998 9.997-26.207 9.997-36.204-.001z\"><\/path><\/svg>\t\t\t\t\t\t<\/span>\n\t\t\t\t\t\t\t\t\t\t<span class=\"elementor-icon-list-text\"><span class=\"accent-color\">Learning never stops<\/span>: External training courses, certifications and targeted further training ensure that our talents are always up to date<\/span>\n\t\t\t\t\t\t\t\t\t<\/li>\n\t\t\t\t\t\t\t\t<li class=\"elementor-icon-list-item\">\n\t\t\t\t\t\t\t\t\t\t\t<span class=\"elementor-icon-list-icon\">\n\t\t\t\t\t\t\t<svg aria-hidden=\"true\" class=\"e-font-icon-svg e-fas-check\" viewbox=\"0 0 512 512\" xmlns=\"http:\/\/www.w3.org\/2000\/svg\"><path d=\"M173.898 439.404l-166.4-166.4c-9.997-9.997-9.997-26.206 0-36.204l36.203-36.204c9.997-9.998 26.207-9.998 36.204 0L192 312.69 432.095 72.596c9.997-9.997 26.207-9.997 36.204 0l36.203 36.204c9.997 9.997 9.997 26.206 0 36.204l-294.4 294.401c-9.998 9.997-26.207 9.997-36.204-.001z\"><\/path><\/svg>\t\t\t\t\t\t<\/span>\n\t\t\t\t\t\t\t\t\t\t<span class=\"elementor-icon-list-text\"><span class=\"accent-color\">Customised qualification<\/span>: Our employees are trained on a project-specific basis - for maximum effectiveness in practice<\/span>\n\t\t\t\t\t\t\t\t\t<\/li>\n\t\t\t\t\t\t<\/ul>\n\t\t\t\t\t\t<\/div>\n\t\t\t\t<\/div>\n\t\t\t\t<div class=\"elementor-element elementor-element-8b9e6b4 elementor-widget elementor-widget-spacer\" data-id=\"8b9e6b4\" data-element_type=\"widget\" data-widget_type=\"spacer.default\">\n\t\t\t\t<div class=\"elementor-widget-container\">\n\t\t\t\t\t\t\t<div class=\"elementor-spacer\">\n\t\t\t<div class=\"elementor-spacer-inner\"><\/div>\n\t\t<\/div>\n\t\t\t\t\t\t<\/div>\n\t\t\t\t<\/div>\n\t\t\t\t<div class=\"elementor-element elementor-element-79439df elementor-widget-divider--view-line elementor-widget elementor-widget-divider\" data-id=\"79439df\" data-element_type=\"widget\" data-widget_type=\"divider.default\">\n\t\t\t\t<div class=\"elementor-widget-container\">\n\t\t\t\t\t\t\t<div class=\"elementor-divider\">\n\t\t\t<span class=\"elementor-divider-separator\">\n\t\t\t\t\t\t<\/span>\n\t\t<\/div>\n\t\t\t\t\t\t<\/div>\n\t\t\t\t<\/div>\n\t\t<div class=\"elementor-element elementor-element-62f0ce7 e-con-full e-flex e-con e-child\" data-id=\"62f0ce7\" data-element_type=\"container\">\n\t\t\t\t<div class=\"elementor-element elementor-element-c4fed76 icon-default elementor-widget__width-initial shake-hover elementor-widget elementor-widget-mae-cta\" data-id=\"c4fed76\" data-element_type=\"widget\" data-widget_type=\"mae-cta.default\">\n\t\t\t\t<div class=\"elementor-widget-container\">\n\t\t\t\t\t\n        <a class=\"master-cta\" href=\"https:\/\/pi-quant.com\/en\/karriere\/\">\n            <span class=\"image-wrap\"><img decoding=\"async\" width=\"500\" height=\"112\" src=\"https:\/\/pi-quant.com\/wp-content\/uploads\/2025\/07\/Screenshot-2025-07-07-110735.jpg\" class=\"attachment-full size-full\" alt=\"\" srcset=\"https:\/\/pi-quant.com\/wp-content\/uploads\/2025\/07\/Screenshot-2025-07-07-110735.jpg 500w, https:\/\/pi-quant.com\/wp-content\/uploads\/2025\/07\/Screenshot-2025-07-07-110735-300x67.jpg 300w\" sizes=\"(max-width: 500px) 100vw, 500px\" \/><\/span>            <span class=\"content-wrap\">\n                <span class=\"icon\"><i aria-hidden=\"true\" class=\"ci ci-bubbles2\"><\/i><\/span>\n                <span class=\"texts\">\n                    <span class=\"text\">Become part of the team!<\/span>                                    <\/span>\n            <\/span>\n        <\/a>\n\n        \t\t\t\t<\/div>\n\t\t\t\t<\/div>\n\t\t\t\t<div class=\"elementor-element elementor-element-738c031 elementor-widget elementor-widget-text-editor\" data-id=\"738c031\" data-element_type=\"widget\" data-widget_type=\"text-editor.default\">\n\t\t\t\t<div class=\"elementor-widget-container\">\n\t\t\t\t\t\t\t\t\t<p><span class=\"accent-color\">Our training opportunities<\/span><br \/>We can offer employment and further training as experts in the following areas, provided you have completed basic training in IT.<\/p><ul><li><span class=\"accent-color\">ITIM<\/span>: IT Consultant specialising in IT Infrastructure Management<\/li><li><span class=\"accent-color\">ITSM<\/span>: IT Consultant specialising in IT Service Management<\/li><li><span class=\"accent-color\">PM<\/span>: Agile Project Management based on Scrum<\/li><\/ul>\t\t\t\t\t\t\t\t<\/div>\n\t\t\t\t<\/div>\n\t\t\t\t<\/div>\n\t\t\t\t\t<\/div>\n\t\t\t\t<\/div>\n\t\t\t\t<\/div>","protected":false},"excerpt":{"rendered":"<p>Unsere Firmenphilosophie Junge Menschen f\u00fcr ein zukunftsf\u00e4higes Unternehmen Die Entstehung unserer PhilosophieAls die PIQUANT GmbH 2013 von dem Gesch\u00e4ftsf\u00fchrer Dr. Gazi Barut gegr\u00fcndet wurde, hatte er ein klares Ziel f\u00fcr sein Unternehmen: Junge Menschen mit Potential ausbilden und zu IT-Experten machen.Zuvor war Dr. Gazi Barut \u00fcber 15 Jahre bei IBM<\/p>","protected":false},"author":3,"featured_media":0,"parent":0,"menu_order":0,"comment_status":"closed","ping_status":"closed","template":"","meta":{"_monsterinsights_skip_tracking":false,"_monsterinsights_sitenote_active":false,"_monsterinsights_sitenote_note":"","_monsterinsights_sitenote_category":0,"footnotes":""},"class_list":["post-9697","page","type-page","status-publish","hentry"],"aioseo_notices":[],"_links":{"self":[{"href":"https:\/\/pi-quant.com\/en\/wp-json\/wp\/v2\/pages\/9697","targetHints":{"allow":["GET"]}}],"collection":[{"href":"https:\/\/pi-quant.com\/en\/wp-json\/wp\/v2\/pages"}],"about":[{"href":"https:\/\/pi-quant.com\/en\/wp-json\/wp\/v2\/types\/page"}],"author":[{"embeddable":true,"href":"https:\/\/pi-quant.com\/en\/wp-json\/wp\/v2\/users\/3"}],"replies":[{"embeddable":true,"href":"https:\/\/pi-quant.com\/en\/wp-json\/wp\/v2\/comments?post=9697"}],"version-history":[{"count":14,"href":"https:\/\/pi-quant.com\/en\/wp-json\/wp\/v2\/pages\/9697\/revisions"}],"predecessor-version":[{"id":9732,"href":"https:\/\/pi-quant.com\/en\/wp-json\/wp\/v2\/pages\/9697\/revisions\/9732"}],"wp:attachment":[{"href":"https:\/\/pi-quant.com\/en\/wp-json\/wp\/v2\/media?parent=9697"}],"curies":[{"name":"wp","href":"https:\/\/api.w.org\/{rel}","templated":true}]}}