{"id":9784,"date":"2025-07-14T12:09:50","date_gmt":"2025-07-14T10:09:50","guid":{"rendered":"https:\/\/pi-quant.com\/?page_id=9784"},"modified":"2025-07-21T15:20:04","modified_gmt":"2025-07-21T13:20:04","slug":"services","status":"publish","type":"page","link":"https:\/\/pi-quant.com\/en\/services\/","title":{"rendered":"Services"},"content":{"rendered":"<div data-elementor-type=\"wp-page\" data-elementor-id=\"9784\" class=\"elementor elementor-9784\">\n\t\t\t\t<div class=\"elementor-element elementor-element-1933458 e-flex e-con-boxed e-con e-parent\" data-id=\"1933458\" data-element_type=\"container\" data-settings=\"{&quot;background_background&quot;:&quot;classic&quot;}\">\n\t\t\t\t\t<div class=\"e-con-inner\">\n\t\t\t\t<div class=\"elementor-element elementor-element-8c85880 elementor-widget elementor-widget-mae-headings\" data-id=\"8c85880\" data-element_type=\"widget\" data-widget_type=\"mae-headings.default\">\n\t\t\t\t<div class=\"elementor-widget-container\">\n\t\t\t\t\t\t\t<div class=\"master-heading sep-top\">\n\t\t\t<div class=\"sep\"><\/div>\t        \n\t        \n\t        \t        <h2 class=\"main-heading\">Efficient IT-Solutions for long-term success<\/h2>\n\t        \n\t        \n\t        \t    <\/div>\n\t    \t\t\t\t<\/div>\n\t\t\t\t<\/div>\n\t\t\t\t<div class=\"elementor-element elementor-element-24f0901 elementor-widget elementor-widget-text-editor\" data-id=\"24f0901\" data-element_type=\"widget\" data-widget_type=\"text-editor.default\">\n\t\t\t\t<div class=\"elementor-widget-container\">\n\t\t\t\t\t\t\t\t\t<p>In our service portfolio, we offer only those services for which we can confidently deliver optimal results. For all our offerings, we can provide project experience as well as the relevant certificates.<\/p><p>PIQUANT GmbH is your reliable partner for IT Service Management (ITSM), IT Infrastructure Management (ITIM), agile project management, and Project Management Office (PMO). For over 13 years, we have supported companies from strategy development to successful implementation\u2014efficiently, securely, and tailored individually to your needs.<\/p><p>Whether you need IT specialists on short notice or long-term project support, we provide qualified professionals perfectly matched to your requirements.<\/p>\t\t\t\t\t\t\t\t<\/div>\n\t\t\t\t<\/div>\n\t\t\t\t<div class=\"elementor-element elementor-element-1e14de1 elementor-widget elementor-widget-spacer\" data-id=\"1e14de1\" data-element_type=\"widget\" data-widget_type=\"spacer.default\">\n\t\t\t\t<div class=\"elementor-widget-container\">\n\t\t\t\t\t\t\t<div class=\"elementor-spacer\">\n\t\t\t<div class=\"elementor-spacer-inner\"><\/div>\n\t\t<\/div>\n\t\t\t\t\t\t<\/div>\n\t\t\t\t<\/div>\n\t\t<div class=\"elementor-element elementor-element-fe2e3b7 e-con-full e-flex e-con e-child\" data-id=\"fe2e3b7\" data-element_type=\"container\">\n\t\t\t\t<div class=\"elementor-element elementor-element-0dc4d5e align-center icon-position-top icon-has-bg hover-effect-none elementor-widget elementor-widget-mae-icon-box\" data-id=\"0dc4d5e\" data-element_type=\"widget\" data-widget_type=\"mae-icon-box.default\">\n\t\t\t\t<div class=\"elementor-widget-container\">\n\t\t\t\t\t\n        <div class=\"master-icon-box\" >\n                        \n            <div class=\"inner\">\n                <div class=\"icon-wrap\"><div class=\"master-icon\"><i class=\"iv iv-maintenance\"><\/i><\/div><\/div>\n                <div class=\"text-wrap\">\n                    <h2 class=\"headline-2\">More than 25 years<br>of experience<\/h2>                <\/div>\n            <\/div>\n\n            <div class=\"bg-static\"><\/div>        <\/div>\n\n        \t\t\t\t<\/div>\n\t\t\t\t<\/div>\n\t\t\t\t<div class=\"elementor-element elementor-element-4d44033 align-center icon-position-top icon-has-bg hover-effect-none elementor-widget elementor-widget-mae-icon-box\" data-id=\"4d44033\" data-element_type=\"widget\" data-widget_type=\"mae-icon-box.default\">\n\t\t\t\t<div class=\"elementor-widget-container\">\n\t\t\t\t\t\n        <div class=\"master-icon-box\" >\n                        \n            <div class=\"inner\">\n                <div class=\"icon-wrap\"><div class=\"master-icon\"><i class=\"iv iv-renovation1\"><\/i><\/div><\/div>\n                <div class=\"text-wrap\">\n                    <h2 class=\"headline-2\">Guidelines<br>and Standards<\/h2>                <\/div>\n            <\/div>\n\n            <div class=\"bg-static\"><\/div>        <\/div>\n\n        \t\t\t\t<\/div>\n\t\t\t\t<\/div>\n\t\t\t\t<div class=\"elementor-element elementor-element-d9af4dc align-center icon-position-top icon-has-bg hover-effect-none elementor-widget elementor-widget-mae-icon-box\" data-id=\"d9af4dc\" data-element_type=\"widget\" data-widget_type=\"mae-icon-box.default\">\n\t\t\t\t<div class=\"elementor-widget-container\">\n\t\t\t\t\t\n        <div class=\"master-icon-box\" >\n                        \n            <div class=\"inner\">\n                <div class=\"icon-wrap\"><div class=\"master-icon\"><i class=\"iv iv-hammer\"><\/i><\/div><\/div>\n                <div class=\"text-wrap\">\n                    <h2 class=\"headline-2\">Proven Project<br>experience<\/h2>                <\/div>\n            <\/div>\n\n            <div class=\"bg-static\"><\/div>        <\/div>\n\n        \t\t\t\t<\/div>\n\t\t\t\t<\/div>\n\t\t\t\t<div class=\"elementor-element elementor-element-8d773af align-center icon-position-top icon-has-bg hover-effect-none elementor-widget elementor-widget-mae-icon-box\" data-id=\"8d773af\" data-element_type=\"widget\" data-widget_type=\"mae-icon-box.default\">\n\t\t\t\t<div class=\"elementor-widget-container\">\n\t\t\t\t\t\n        <div class=\"master-icon-box\" >\n                        \n            <div class=\"inner\">\n                <div class=\"icon-wrap\"><div class=\"master-icon\"><i class=\"ins ins-worker\"><\/i><\/div><\/div>\n                <div class=\"text-wrap\">\n                    <h2 class=\"headline-2\">Certified<br>Employees<\/h2>                <\/div>\n            <\/div>\n\n            <div class=\"bg-static\"><\/div>        <\/div>\n\n        \t\t\t\t<\/div>\n\t\t\t\t<\/div>\n\t\t\t\t<\/div>\n\t\t\t\t\t<\/div>\n\t\t\t\t<\/div>\n\t\t<div class=\"elementor-element elementor-element-2a5045c e-flex e-con-boxed e-con e-parent\" data-id=\"2a5045c\" data-element_type=\"container\">\n\t\t\t\t\t<div class=\"e-con-inner\">\n\t\t\t\t<div class=\"elementor-element elementor-element-5ceb7dd elementor-widget elementor-widget-spacer\" data-id=\"5ceb7dd\" data-element_type=\"widget\" data-widget_type=\"spacer.default\">\n\t\t\t\t<div class=\"elementor-widget-container\">\n\t\t\t\t\t\t\t<div class=\"elementor-spacer\">\n\t\t\t<div class=\"elementor-spacer-inner\"><\/div>\n\t\t<\/div>\n\t\t\t\t\t\t<\/div>\n\t\t\t\t<\/div>\n\t\t\t\t\t<\/div>\n\t\t\t\t<\/div>\n\t\t<div class=\"elementor-element elementor-element-ea1b78f e-flex e-con-boxed e-con e-parent\" data-id=\"ea1b78f\" data-element_type=\"container\">\n\t\t\t\t\t<div class=\"e-con-inner\">\n\t\t<div class=\"elementor-element elementor-element-a3b7e68 e-con-full e-flex e-con e-child\" data-id=\"a3b7e68\" data-element_type=\"container\">\n\t\t\t\t<div class=\"elementor-element elementor-element-4c27b82 elementor-widget elementor-widget-text-editor\" data-id=\"4c27b82\" data-element_type=\"widget\" data-widget_type=\"text-editor.default\">\n\t\t\t\t<div class=\"elementor-widget-container\">\n\t\t\t\t\t\t\t\t\t<p><span class=\"accent-color\">IT Service Management (ITSM):<\/span><br \/>Effective IT service management is crucial for maintaining oversight in increasingly complex IT environments and ensuring the reliable delivery of IT services. To enable IT departments to optimally support business processes, companies need a structured ITSM based on recognized standards.<br \/>From software applications and cloud storage to virtual servers\u2014a powerful ITSM significantly contributes to increasing efficiency, service quality, and customer satisfaction. We support you in analyzing, structuring, and further developing your ITSM strategy\u2014based on best practices such as ITIL. Our IT experts assist you with the implementation and optimization of proven platforms like ServiceNow or JIRA, as well as with the automation of key service processes.<br \/>In addition, we develop practical emergency and recovery plans with you that save valuable time in critical situations and minimize downtime risks. With a forward-looking ITSM, you create the foundation for scalable IT processes, smooth workflows, and sustainable relief for your IT team.<\/p>\t\t\t\t\t\t\t\t<\/div>\n\t\t\t\t<\/div>\n\t\t\t\t<\/div>\n\t\t<div class=\"elementor-element elementor-element-0e18f48 e-con-full e-flex e-con e-child\" data-id=\"0e18f48\" data-element_type=\"container\">\n\t\t\t\t<div class=\"elementor-element elementor-element-d66e72c elementor-widget elementor-widget-image\" data-id=\"d66e72c\" data-element_type=\"widget\" data-widget_type=\"image.default\">\n\t\t\t\t<div class=\"elementor-widget-container\">\n\t\t\t\t\t\t\t\t\t\t\t\t\t\t\t<img fetchpriority=\"high\" decoding=\"async\" width=\"700\" height=\"856\" src=\"https:\/\/pi-quant.com\/wp-content\/uploads\/2025\/07\/iStock-ITSMCloud.jpg\" class=\"attachment-large size-large wp-image-9789\" alt=\"\" srcset=\"https:\/\/pi-quant.com\/wp-content\/uploads\/2025\/07\/iStock-ITSMCloud.jpg 700w, https:\/\/pi-quant.com\/wp-content\/uploads\/2025\/07\/iStock-ITSMCloud-245x300.jpg 245w\" sizes=\"(max-width: 700px) 100vw, 700px\" \/>\t\t\t\t\t\t\t\t\t\t\t\t\t\t\t<\/div>\n\t\t\t\t<\/div>\n\t\t\t\t<\/div>\n\t\t\t\t\t<\/div>\n\t\t\t\t<\/div>\n\t\t<div class=\"elementor-element elementor-element-637cd67 e-flex e-con-boxed e-con e-parent\" data-id=\"637cd67\" data-element_type=\"container\">\n\t\t\t\t\t<div class=\"e-con-inner\">\n\t\t\t\t<div class=\"elementor-element elementor-element-24def74 elementor-widget elementor-widget-spacer\" data-id=\"24def74\" data-element_type=\"widget\" data-widget_type=\"spacer.default\">\n\t\t\t\t<div class=\"elementor-widget-container\">\n\t\t\t\t\t\t\t<div class=\"elementor-spacer\">\n\t\t\t<div class=\"elementor-spacer-inner\"><\/div>\n\t\t<\/div>\n\t\t\t\t\t\t<\/div>\n\t\t\t\t<\/div>\n\t\t\t\t\t<\/div>\n\t\t\t\t<\/div>\n\t\t<div class=\"elementor-element elementor-element-8167582 e-flex e-con-boxed e-con e-parent\" data-id=\"8167582\" data-element_type=\"container\">\n\t\t\t\t\t<div class=\"e-con-inner\">\n\t\t<div class=\"elementor-element elementor-element-99e8f80 e-con-full e-flex e-con e-child\" data-id=\"99e8f80\" data-element_type=\"container\">\n\t\t\t\t<div class=\"elementor-element elementor-element-520f798 elementor-widget elementor-widget-image\" data-id=\"520f798\" data-element_type=\"widget\" data-widget_type=\"image.default\">\n\t\t\t\t<div class=\"elementor-widget-container\">\n\t\t\t\t\t\t\t\t\t\t\t\t\t\t\t<img decoding=\"async\" width=\"470\" height=\"756\" src=\"https:\/\/pi-quant.com\/wp-content\/uploads\/2025\/07\/iStock-ITIMKabel-e1752498678311.jpg\" class=\"attachment-large size-large wp-image-9791\" alt=\"\" srcset=\"https:\/\/pi-quant.com\/wp-content\/uploads\/2025\/07\/iStock-ITIMKabel-e1752498678311.jpg 470w, https:\/\/pi-quant.com\/wp-content\/uploads\/2025\/07\/iStock-ITIMKabel-e1752498678311-187x300.jpg 187w\" sizes=\"(max-width: 470px) 100vw, 470px\" \/>\t\t\t\t\t\t\t\t\t\t\t\t\t\t\t<\/div>\n\t\t\t\t<\/div>\n\t\t\t\t<\/div>\n\t\t<div class=\"elementor-element elementor-element-6c9624e e-con-full e-flex e-con e-child\" data-id=\"6c9624e\" data-element_type=\"container\">\n\t\t\t\t<div class=\"elementor-element elementor-element-2ef7bdf elementor-widget elementor-widget-text-editor\" data-id=\"2ef7bdf\" data-element_type=\"widget\" data-widget_type=\"text-editor.default\">\n\t\t\t\t<div class=\"elementor-widget-container\">\n\t\t\t\t\t\t\t\t\t<p><span class=\"accent-color\">IT Infrastructure Management (ITIM):<\/span><br \/>A powerful IT infrastructure is indispensable for companies of all sizes today\u2014it boosts efficiency, reduces costs, and enhances security. Modern IT environments are becoming increasingly complex, and potential risks such as cyberattacks, data leaks, or system failures make the implementation of reliable solutions essential.<br \/>Continuous maintenance must not be underestimated either. Only regularly updated systems meet current standards and provide optimal protection.<\/p><p>From planning and implementation to maintenance, we are your partner for a scalable and future-proof IT infrastructure. Our services include networks, server environments, cloud technologies, and hybrid IT environments. Together, we develop a tailored solution for your individual requirements.<\/p>\t\t\t\t\t\t\t\t<\/div>\n\t\t\t\t<\/div>\n\t\t\t\t<\/div>\n\t\t\t\t\t<\/div>\n\t\t\t\t<\/div>\n\t\t<div class=\"elementor-element elementor-element-3bc572d e-flex e-con-boxed e-con e-parent\" data-id=\"3bc572d\" data-element_type=\"container\">\n\t\t\t\t\t<div class=\"e-con-inner\">\n\t\t\t\t<div class=\"elementor-element elementor-element-a939363 elementor-widget elementor-widget-spacer\" data-id=\"a939363\" data-element_type=\"widget\" data-widget_type=\"spacer.default\">\n\t\t\t\t<div class=\"elementor-widget-container\">\n\t\t\t\t\t\t\t<div class=\"elementor-spacer\">\n\t\t\t<div class=\"elementor-spacer-inner\"><\/div>\n\t\t<\/div>\n\t\t\t\t\t\t<\/div>\n\t\t\t\t<\/div>\n\t\t\t\t\t<\/div>\n\t\t\t\t<\/div>\n\t\t<div class=\"elementor-element elementor-element-89dbae2 e-flex e-con-boxed e-con e-parent\" data-id=\"89dbae2\" data-element_type=\"container\">\n\t\t\t\t\t<div class=\"e-con-inner\">\n\t\t<div class=\"elementor-element elementor-element-0678838 e-con-full e-flex e-con e-child\" data-id=\"0678838\" data-element_type=\"container\">\n\t\t\t\t<div class=\"elementor-element elementor-element-f1413fe elementor-widget elementor-widget-text-editor\" data-id=\"f1413fe\" data-element_type=\"widget\" data-widget_type=\"text-editor.default\">\n\t\t\t\t<div class=\"elementor-widget-container\">\n\t\t\t\t\t\t\t\t\t<p><span class=\"accent-color\">Project Management (PM):<\/span><br \/>Efficient project management is the key to executing complex undertakings purposefully and on schedule. We support your project from initiation through planning and control to successful completion. In doing so, we rely on established methods and standardized procedures that have proven effective throughout the entire project lifecycle. Our focus is on achieving your project goals regarding time, cost, quality, and benefits.<\/p><p>We develop clear project work plans, align requirements with all relevant stakeholders, and ensure that resources\u2014whether personnel or materials\u2014are used efficiently. By setting SMART-formulated goals, we create transparency, traceability, and measurable progress. Through regular status reviews and structured communication among all parties involved, we maintain a clear overview at all times. Rely on our expertise to implement your project in a structured, manageable, and successful way.<\/p>\t\t\t\t\t\t\t\t<\/div>\n\t\t\t\t<\/div>\n\t\t\t\t<\/div>\n\t\t<div class=\"elementor-element elementor-element-134a473 e-con-full e-flex e-con e-child\" data-id=\"134a473\" data-element_type=\"container\">\n\t\t\t\t<div class=\"elementor-element elementor-element-89ce203 elementor-widget elementor-widget-image\" data-id=\"89ce203\" data-element_type=\"widget\" data-widget_type=\"image.default\">\n\t\t\t\t<div class=\"elementor-widget-container\">\n\t\t\t\t\t\t\t\t\t\t\t\t\t\t\t<img decoding=\"async\" width=\"683\" height=\"1024\" src=\"https:\/\/pi-quant.com\/wp-content\/uploads\/2025\/07\/iStock-Projektmanagement-683x1024.jpg\" class=\"attachment-large size-large wp-image-9790\" alt=\"\" srcset=\"https:\/\/pi-quant.com\/wp-content\/uploads\/2025\/07\/iStock-Projektmanagement-683x1024.jpg 683w, https:\/\/pi-quant.com\/wp-content\/uploads\/2025\/07\/iStock-Projektmanagement-200x300.jpg 200w, https:\/\/pi-quant.com\/wp-content\/uploads\/2025\/07\/iStock-Projektmanagement-768x1152.jpg 768w, https:\/\/pi-quant.com\/wp-content\/uploads\/2025\/07\/iStock-Projektmanagement.jpg 800w\" sizes=\"(max-width: 683px) 100vw, 683px\" \/>\t\t\t\t\t\t\t\t\t\t\t\t\t\t\t<\/div>\n\t\t\t\t<\/div>\n\t\t\t\t<\/div>\n\t\t\t\t\t<\/div>\n\t\t\t\t<\/div>\n\t\t<div class=\"elementor-element elementor-element-78e2ad0 e-flex e-con-boxed e-con e-parent\" data-id=\"78e2ad0\" data-element_type=\"container\">\n\t\t\t\t\t<div class=\"e-con-inner\">\n\t\t\t\t\t<\/div>\n\t\t\t\t<\/div>\n\t\t\t\t<\/div>","protected":false},"excerpt":{"rendered":"<p>Effiziente IT-L\u00f6sungen f\u00fcr nachhaltigen Erfolg In unserem Service-Portfolio bieten wir nur Dienstleistungen an, von denen wir sicher sind, Ihnen ein optimales Ergebnis zu liefern. F\u00fcr all unsere Angebote k\u00f6nnen wir Projekterfahrungen sowie entsprechende Zertifikate nachweisen. Die PIQUANT GmbH ist Ihr verl\u00e4sslicher Partner f\u00fcr IT-Service-Management (ITSM), IT-Infrastruktur-Management (ITIM) und agiles Projektmanagement,<\/p>","protected":false},"author":3,"featured_media":0,"parent":0,"menu_order":0,"comment_status":"closed","ping_status":"closed","template":"","meta":{"_monsterinsights_skip_tracking":false,"_monsterinsights_sitenote_active":false,"_monsterinsights_sitenote_note":"","_monsterinsights_sitenote_category":0,"footnotes":""},"class_list":["post-9784","page","type-page","status-publish","hentry"],"aioseo_notices":[],"_links":{"self":[{"href":"https:\/\/pi-quant.com\/en\/wp-json\/wp\/v2\/pages\/9784","targetHints":{"allow":["GET"]}}],"collection":[{"href":"https:\/\/pi-quant.com\/en\/wp-json\/wp\/v2\/pages"}],"about":[{"href":"https:\/\/pi-quant.com\/en\/wp-json\/wp\/v2\/types\/page"}],"author":[{"embeddable":true,"href":"https:\/\/pi-quant.com\/en\/wp-json\/wp\/v2\/users\/3"}],"replies":[{"embeddable":true,"href":"https:\/\/pi-quant.com\/en\/wp-json\/wp\/v2\/comments?post=9784"}],"version-history":[{"count":20,"href":"https:\/\/pi-quant.com\/en\/wp-json\/wp\/v2\/pages\/9784\/revisions"}],"predecessor-version":[{"id":9920,"href":"https:\/\/pi-quant.com\/en\/wp-json\/wp\/v2\/pages\/9784\/revisions\/9920"}],"wp:attachment":[{"href":"https:\/\/pi-quant.com\/en\/wp-json\/wp\/v2\/media?parent=9784"}],"curies":[{"name":"wp","href":"https:\/\/api.w.org\/{rel}","templated":true}]}}