{"id":9859,"date":"2025-07-15T10:11:00","date_gmt":"2025-07-15T08:11:00","guid":{"rendered":"https:\/\/pi-quant.com\/?page_id=9859"},"modified":"2025-07-24T10:14:14","modified_gmt":"2025-07-24T08:14:14","slug":"abgeschlossene-projekte","status":"publish","type":"page","link":"https:\/\/pi-quant.com\/en\/abgeschlossene-projekte\/","title":{"rendered":"Completed projects"},"content":{"rendered":"<div data-elementor-type=\"wp-page\" data-elementor-id=\"9859\" class=\"elementor elementor-9859\">\n\t\t\t\t<div class=\"elementor-element elementor-element-33aaa20 e-flex e-con-boxed e-con e-parent\" data-id=\"33aaa20\" data-element_type=\"container\">\n\t\t\t\t\t<div class=\"e-con-inner\">\n\t\t<div class=\"elementor-element elementor-element-e8a8efa e-con-full e-flex e-con e-child\" data-id=\"e8a8efa\" data-element_type=\"container\">\n\t\t\t\t<div class=\"elementor-element elementor-element-e3b2fe3 elementor-widget elementor-widget-mae-headings\" data-id=\"e3b2fe3\" data-element_type=\"widget\" data-widget_type=\"mae-headings.default\">\n\t\t\t\t<div class=\"elementor-widget-container\">\n\t\t\t\t\t\t\t<div class=\"master-heading sep-top\">\n\t\t\t<div class=\"sep\"><\/div>\t        \t        \t<div class=\"pre-heading\">At a glance<\/div>\n\t        \n\t        \n\t        \t        <h2 class=\"main-heading\">Our successes<\/h2>\n\t        \n\t        \n\t        \t            <div class=\"sub-heading\">Tailor-made solutions that convince<\/div>\n\t        \t    <\/div>\n\t    \t\t\t\t<\/div>\n\t\t\t\t<\/div>\n\t\t\t\t<div class=\"elementor-element elementor-element-9ce7d80 elementor-widget elementor-widget-text-editor\" data-id=\"9ce7d80\" data-element_type=\"widget\" data-widget_type=\"text-editor.default\">\n\t\t\t\t<div class=\"elementor-widget-container\">\n\t\t\t\t\t\t\t\t\t<p>In our project portfolio, you will find successfully completed projects that we have realized with our expertise and commitment. With each achieved goal, we have not only satisfied a client but also expanded our specialized knowledge. Our references demonstrate what we can accomplish and the types of challenges for which we have already found excellent solutions.<\/p><p>Feel free to get inspired or contact us directly with new questions!<\/p>\t\t\t\t\t\t\t\t<\/div>\n\t\t\t\t<\/div>\n\t\t\t\t<\/div>\n\t\t<div class=\"elementor-element elementor-element-f4e54a5 e-con-full e-flex e-con e-child\" data-id=\"f4e54a5\" data-element_type=\"container\">\n\t\t\t\t<div class=\"elementor-element elementor-element-e7f504c image-width-full elementor-widget elementor-widget-mae-gallery-stack\" data-id=\"e7f504c\" data-element_type=\"widget\" data-widget_type=\"mae-gallery-stack.default\">\n\t\t\t\t<div class=\"elementor-widget-container\">\n\t\t\t\t\t\t\t<div class=\"master-gallery-stack\">\n\t\t\t<div class=\"master-fancy-image elementor-repeater-item-e59465b\" data-top=\"0px\" data-parallax='{\"x\" : 20, \"y\" : -20, \"smoothness\" : 30}'>\n\t\t\t\t\t\t\t\t\t<div class=\"image-wrap\"><img fetchpriority=\"high\" decoding=\"async\" width=\"1000\" height=\"667\" src=\"https:\/\/pi-quant.com\/wp-content\/uploads\/2025\/07\/Kranhaeuser.jpg\" class=\"attachment-full size-full\" alt=\"\" srcset=\"https:\/\/pi-quant.com\/wp-content\/uploads\/2025\/07\/Kranhaeuser.jpg 1000w, https:\/\/pi-quant.com\/wp-content\/uploads\/2025\/07\/Kranhaeuser-300x200.jpg 300w, https:\/\/pi-quant.com\/wp-content\/uploads\/2025\/07\/Kranhaeuser-768x512.jpg 768w, https:\/\/pi-quant.com\/wp-content\/uploads\/2025\/07\/Kranhaeuser-18x12.jpg 18w\" sizes=\"(max-width: 1000px) 100vw, 1000px\" \/><\/div>\n\t\t\t\t\t\t\t\t<\/div><div class=\"master-fancy-image elementor-repeater-item-2e98ce4\" data-top=\"0px\" data-parallax='{\"x\" : -20, \"y\" : 20, \"smoothness\" : 30}'>\n\t\t\t\t\t\t\t\t\t<div class=\"image-wrap\"><img decoding=\"async\" width=\"411\" height=\"412\" src=\"https:\/\/pi-quant.com\/wp-content\/uploads\/2025\/02\/Screenshot-11.png\" class=\"attachment-full size-full\" alt=\"\" srcset=\"https:\/\/pi-quant.com\/wp-content\/uploads\/2025\/02\/Screenshot-11.png 411w, https:\/\/pi-quant.com\/wp-content\/uploads\/2025\/02\/Screenshot-11-300x300.png 300w, https:\/\/pi-quant.com\/wp-content\/uploads\/2025\/02\/Screenshot-11-150x150.png 150w, https:\/\/pi-quant.com\/wp-content\/uploads\/2025\/02\/Screenshot-11-60x60.png 60w\" sizes=\"(max-width: 411px) 100vw, 411px\" \/><\/div>\n\t\t\t\t\t\t\t\t<\/div>\t\t<\/div>\n\t    \t\t\t\t<\/div>\n\t\t\t\t<\/div>\n\t\t\t\t<\/div>\n\t\t\t\t\t<\/div>\n\t\t\t\t<\/div>\n\t\t<div class=\"elementor-element elementor-element-a135955 e-flex e-con-boxed e-con e-parent\" data-id=\"a135955\" data-element_type=\"container\">\n\t\t\t\t\t<div class=\"e-con-inner\">\n\t\t<div class=\"elementor-element elementor-element-2777e69 e-con-full e-flex e-con e-child\" data-id=\"2777e69\" data-element_type=\"container\">\n\t\t\t\t<div class=\"elementor-element elementor-element-895850e elementor-widget-divider--view-line elementor-widget elementor-widget-divider\" data-id=\"895850e\" data-element_type=\"widget\" data-widget_type=\"divider.default\">\n\t\t\t\t<div class=\"elementor-widget-container\">\n\t\t\t\t\t\t\t<div class=\"elementor-divider\">\n\t\t\t<span class=\"elementor-divider-separator\">\n\t\t\t\t\t\t<\/span>\n\t\t<\/div>\n\t\t\t\t\t\t<\/div>\n\t\t\t\t<\/div>\n\t\t\t\t<\/div>\n\t\t<div class=\"elementor-element elementor-element-99190b9 e-con-full e-flex e-con e-child\" data-id=\"99190b9\" data-element_type=\"container\">\n\t\t\t\t<div class=\"elementor-element elementor-element-3f099ca elementor-widget elementor-widget-image\" data-id=\"3f099ca\" data-element_type=\"widget\" data-widget_type=\"image.default\">\n\t\t\t\t<div class=\"elementor-widget-container\">\n\t\t\t\t\t\t\t\t\t\t\t\t\t\t\t<img decoding=\"async\" width=\"1000\" height=\"670\" src=\"https:\/\/pi-quant.com\/wp-content\/uploads\/2025\/07\/iStock-EthicalHacking.jpg\" class=\"elementor-animation-grow attachment-large size-large wp-image-9871\" alt=\"\" srcset=\"https:\/\/pi-quant.com\/wp-content\/uploads\/2025\/07\/iStock-EthicalHacking.jpg 1000w, https:\/\/pi-quant.com\/wp-content\/uploads\/2025\/07\/iStock-EthicalHacking-300x201.jpg 300w, https:\/\/pi-quant.com\/wp-content\/uploads\/2025\/07\/iStock-EthicalHacking-768x515.jpg 768w, https:\/\/pi-quant.com\/wp-content\/uploads\/2025\/07\/iStock-EthicalHacking-18x12.jpg 18w\" sizes=\"(max-width: 1000px) 100vw, 1000px\" \/>\t\t\t\t\t\t\t\t\t\t\t\t\t\t\t<\/div>\n\t\t\t\t<\/div>\n\t\t\t\t<\/div>\n\t\t<div class=\"elementor-element elementor-element-70927f3 e-con-full e-flex e-con e-child\" data-id=\"70927f3\" data-element_type=\"container\">\n\t\t\t\t<div class=\"elementor-element elementor-element-6d1df15 elementor-widget elementor-widget-mae-project-detail\" data-id=\"6d1df15\" data-element_type=\"widget\" data-widget_type=\"mae-project-detail.default\">\n\t\t\t\t<div class=\"elementor-widget-container\">\n\t\t\t\t\t\n        <div class=\"project-info\">\n                            <div class=\"info-wrap\">\n                <span class=\"title\">Optimization of the internal network architecture<\/span>\n                <span class=\"info\"><\/span>\n                <\/div>\n                            <div class=\"info-wrap\">\n                <span class=\"title\">Company:<\/span>\n                <span class=\"info\">PIQUANT GmbH<\/span>\n                <\/div>\n                            <div class=\"info-wrap\">\n                <span class=\"title\">Industry:<\/span>\n                <span class=\"info\">IT-Consulting<\/span>\n                <\/div>\n                            <div class=\"info-wrap\">\n                <span class=\"title\">Duration:<\/span>\n                <span class=\"info\">6 Months<\/span>\n                <\/div>\n                            <div class=\"info-wrap\">\n                <span class=\"title\">Project goal:<\/span>\n                <span class=\"info\">Optimization and expansion of the internal network architecture with a focus on security analysis through ethical hacking<\/span>\n                <\/div>\n                    <\/div>\n\t\t\t\t\t<\/div>\n\t\t\t\t<\/div>\n\t\t\t\t<\/div>\n\t\t\t\t\t<\/div>\n\t\t\t\t<\/div>\n\t\t<div class=\"elementor-element elementor-element-d6a6efa e-flex e-con-boxed e-con e-parent\" data-id=\"d6a6efa\" data-element_type=\"container\">\n\t\t\t\t\t<div class=\"e-con-inner\">\n\t\t<div class=\"elementor-element elementor-element-62c4d05 e-con-full e-flex e-con e-child\" data-id=\"62c4d05\" data-element_type=\"container\">\n\t\t\t\t<div class=\"elementor-element elementor-element-9be3885 elementor-widget-divider--view-line elementor-widget elementor-widget-divider\" data-id=\"9be3885\" data-element_type=\"widget\" data-widget_type=\"divider.default\">\n\t\t\t\t<div class=\"elementor-widget-container\">\n\t\t\t\t\t\t\t<div class=\"elementor-divider\">\n\t\t\t<span class=\"elementor-divider-separator\">\n\t\t\t\t\t\t<\/span>\n\t\t<\/div>\n\t\t\t\t\t\t<\/div>\n\t\t\t\t<\/div>\n\t\t\t\t<\/div>\n\t\t<div class=\"elementor-element elementor-element-6e042b2 e-con-full e-flex e-con e-child\" data-id=\"6e042b2\" data-element_type=\"container\">\n\t\t\t\t<div class=\"elementor-element elementor-element-19b131d elementor-widget elementor-widget-mae-project-detail\" data-id=\"19b131d\" data-element_type=\"widget\" data-widget_type=\"mae-project-detail.default\">\n\t\t\t\t<div class=\"elementor-widget-container\">\n\t\t\t\t\t\n        <div class=\"project-info\">\n                            <div class=\"info-wrap\">\n                <span class=\"title\">IT process design for a software companie<\/span>\n                <span class=\"info\"><\/span>\n                <\/div>\n                            <div class=\"info-wrap\">\n                <span class=\"title\">Industry:<\/span>\n                <span class=\"info\">IT service industry<\/span>\n                <\/div>\n                            <div class=\"info-wrap\">\n                <span class=\"title\">Duration:<\/span>\n                <span class=\"info\">3 Years<\/span>\n                <\/div>\n                            <div class=\"info-wrap\">\n                <span class=\"title\">Project goal:<\/span>\n                <span class=\"info\">Support in building and designing an IT process map to optimize internal workflows<\/span>\n                <\/div>\n                    <\/div>\n\t\t\t\t\t<\/div>\n\t\t\t\t<\/div>\n\t\t\t\t<\/div>\n\t\t<div class=\"elementor-element elementor-element-54e8a73 e-con-full e-flex e-con e-child\" data-id=\"54e8a73\" data-element_type=\"container\">\n\t\t\t\t<div class=\"elementor-element elementor-element-a76dd8a elementor-widget elementor-widget-image\" data-id=\"a76dd8a\" data-element_type=\"widget\" data-widget_type=\"image.default\">\n\t\t\t\t<div class=\"elementor-widget-container\">\n\t\t\t\t\t\t\t\t\t\t\t\t\t\t\t<img loading=\"lazy\" decoding=\"async\" width=\"1000\" height=\"666\" src=\"https:\/\/pi-quant.com\/wp-content\/uploads\/2025\/07\/iStock-Prozessdesign.jpg\" class=\"elementor-animation-grow attachment-large size-large wp-image-9883\" alt=\"\" srcset=\"https:\/\/pi-quant.com\/wp-content\/uploads\/2025\/07\/iStock-Prozessdesign.jpg 1000w, https:\/\/pi-quant.com\/wp-content\/uploads\/2025\/07\/iStock-Prozessdesign-300x200.jpg 300w, https:\/\/pi-quant.com\/wp-content\/uploads\/2025\/07\/iStock-Prozessdesign-768x511.jpg 768w, https:\/\/pi-quant.com\/wp-content\/uploads\/2025\/07\/iStock-Prozessdesign-18x12.jpg 18w\" sizes=\"(max-width: 1000px) 100vw, 1000px\" \/>\t\t\t\t\t\t\t\t\t\t\t\t\t\t\t<\/div>\n\t\t\t\t<\/div>\n\t\t\t\t<\/div>\n\t\t\t\t\t<\/div>\n\t\t\t\t<\/div>\n\t\t<div class=\"elementor-element elementor-element-0d2e452 e-flex e-con-boxed e-con e-parent\" data-id=\"0d2e452\" data-element_type=\"container\">\n\t\t\t\t\t<div class=\"e-con-inner\">\n\t\t<div class=\"elementor-element elementor-element-deb2cad e-con-full e-flex e-con e-child\" data-id=\"deb2cad\" data-element_type=\"container\">\n\t\t\t\t<div class=\"elementor-element elementor-element-1c525f9 elementor-widget-divider--view-line elementor-widget elementor-widget-divider\" data-id=\"1c525f9\" data-element_type=\"widget\" data-widget_type=\"divider.default\">\n\t\t\t\t<div class=\"elementor-widget-container\">\n\t\t\t\t\t\t\t<div class=\"elementor-divider\">\n\t\t\t<span class=\"elementor-divider-separator\">\n\t\t\t\t\t\t<\/span>\n\t\t<\/div>\n\t\t\t\t\t\t<\/div>\n\t\t\t\t<\/div>\n\t\t\t\t<\/div>\n\t\t<div class=\"elementor-element elementor-element-aa3e5ed e-con-full e-flex e-con e-child\" data-id=\"aa3e5ed\" data-element_type=\"container\">\n\t\t\t\t<div class=\"elementor-element elementor-element-9951d65 elementor-widget elementor-widget-image\" data-id=\"9951d65\" data-element_type=\"widget\" data-widget_type=\"image.default\">\n\t\t\t\t<div class=\"elementor-widget-container\">\n\t\t\t\t\t\t\t\t\t\t\t\t\t\t\t<img loading=\"lazy\" decoding=\"async\" width=\"1000\" height=\"666\" src=\"https:\/\/pi-quant.com\/wp-content\/uploads\/2025\/07\/iStock-1129810557.jpg\" class=\"elementor-animation-grow attachment-large size-large wp-image-9889\" alt=\"\" srcset=\"https:\/\/pi-quant.com\/wp-content\/uploads\/2025\/07\/iStock-1129810557.jpg 1000w, https:\/\/pi-quant.com\/wp-content\/uploads\/2025\/07\/iStock-1129810557-300x200.jpg 300w, https:\/\/pi-quant.com\/wp-content\/uploads\/2025\/07\/iStock-1129810557-768x511.jpg 768w, https:\/\/pi-quant.com\/wp-content\/uploads\/2025\/07\/iStock-1129810557-18x12.jpg 18w\" sizes=\"(max-width: 1000px) 100vw, 1000px\" \/>\t\t\t\t\t\t\t\t\t\t\t\t\t\t\t<\/div>\n\t\t\t\t<\/div>\n\t\t\t\t<\/div>\n\t\t<div class=\"elementor-element elementor-element-65f58aa e-con-full e-flex e-con e-child\" data-id=\"65f58aa\" data-element_type=\"container\">\n\t\t\t\t<div class=\"elementor-element elementor-element-d1cf6a5 elementor-widget elementor-widget-mae-project-detail\" data-id=\"d1cf6a5\" data-element_type=\"widget\" data-widget_type=\"mae-project-detail.default\">\n\t\t\t\t<div class=\"elementor-widget-container\">\n\t\t\t\t\t\n        <div class=\"project-info\">\n                            <div class=\"info-wrap\">\n                <span class=\"title\">PMO in software development<\/span>\n                <span class=\"info\"><\/span>\n                <\/div>\n                            <div class=\"info-wrap\">\n                <span class=\"title\">Industry:<\/span>\n                <span class=\"info\">IT services<\/span>\n                <\/div>\n                            <div class=\"info-wrap\">\n                <span class=\"title\">Duration:<\/span>\n                <span class=\"info\">3 Months<\/span>\n                <\/div>\n                            <div class=\"info-wrap\">\n                <span class=\"title\">Project goal:<\/span>\n                <span class=\"info\">Establishment of an agile working structure for the efficient development of an app through the use of Scrum methodology<\/span>\n                <\/div>\n                    <\/div>\n\t\t\t\t\t<\/div>\n\t\t\t\t<\/div>\n\t\t\t\t<\/div>\n\t\t\t\t\t<\/div>\n\t\t\t\t<\/div>\n\t\t<div class=\"elementor-element elementor-element-8dec0c2 e-flex e-con-boxed e-con e-parent\" data-id=\"8dec0c2\" data-element_type=\"container\">\n\t\t\t\t\t<div class=\"e-con-inner\">\n\t\t<div class=\"elementor-element elementor-element-dee67f8 e-con-full e-flex e-con e-child\" data-id=\"dee67f8\" data-element_type=\"container\">\n\t\t\t\t<div class=\"elementor-element elementor-element-4ae8dc3 elementor-widget-divider--view-line elementor-widget elementor-widget-divider\" data-id=\"4ae8dc3\" data-element_type=\"widget\" data-widget_type=\"divider.default\">\n\t\t\t\t<div class=\"elementor-widget-container\">\n\t\t\t\t\t\t\t<div class=\"elementor-divider\">\n\t\t\t<span class=\"elementor-divider-separator\">\n\t\t\t\t\t\t<\/span>\n\t\t<\/div>\n\t\t\t\t\t\t<\/div>\n\t\t\t\t<\/div>\n\t\t\t\t<\/div>\n\t\t<div class=\"elementor-element elementor-element-60bb95e e-con-full e-flex e-con e-child\" data-id=\"60bb95e\" data-element_type=\"container\">\n\t\t\t\t<div class=\"elementor-element elementor-element-53582ef elementor-widget elementor-widget-mae-project-detail\" data-id=\"53582ef\" data-element_type=\"widget\" data-widget_type=\"mae-project-detail.default\">\n\t\t\t\t<div class=\"elementor-widget-container\">\n\t\t\t\t\t\n        <div class=\"project-info\">\n                            <div class=\"info-wrap\">\n                <span class=\"title\">Building an internal infrastructure<\/span>\n                <span class=\"info\"><\/span>\n                <\/div>\n                            <div class=\"info-wrap\">\n                <span class=\"title\">Company:<\/span>\n                <span class=\"info\">PIQUANT GmbH<\/span>\n                <\/div>\n                            <div class=\"info-wrap\">\n                <span class=\"title\">Industry:<\/span>\n                <span class=\"info\">IT-Consulting<\/span>\n                <\/div>\n                            <div class=\"info-wrap\">\n                <span class=\"title\">Duration:<\/span>\n                <span class=\"info\">6 Months<\/span>\n                <\/div>\n                            <div class=\"info-wrap\">\n                <span class=\"title\">Project goal:<\/span>\n                <span class=\"info\">Building an internal infrastructure for providing cloud and mail servers based on Docker<\/span>\n                <\/div>\n                    <\/div>\n\t\t\t\t\t<\/div>\n\t\t\t\t<\/div>\n\t\t\t\t<\/div>\n\t\t<div class=\"elementor-element elementor-element-461896e e-con-full e-flex e-con e-child\" data-id=\"461896e\" data-element_type=\"container\">\n\t\t\t\t<div class=\"elementor-element elementor-element-2e45cc7 elementor-widget elementor-widget-image\" data-id=\"2e45cc7\" data-element_type=\"widget\" data-widget_type=\"image.default\">\n\t\t\t\t<div class=\"elementor-widget-container\">\n\t\t\t\t\t\t\t\t\t\t\t\t\t\t\t<img loading=\"lazy\" decoding=\"async\" width=\"1000\" height=\"663\" src=\"https:\/\/pi-quant.com\/wp-content\/uploads\/2025\/07\/iStock-interneInfrastruktur.jpg\" class=\"elementor-animation-grow attachment-large size-large wp-image-9884\" alt=\"\" srcset=\"https:\/\/pi-quant.com\/wp-content\/uploads\/2025\/07\/iStock-interneInfrastruktur.jpg 1000w, https:\/\/pi-quant.com\/wp-content\/uploads\/2025\/07\/iStock-interneInfrastruktur-300x199.jpg 300w, https:\/\/pi-quant.com\/wp-content\/uploads\/2025\/07\/iStock-interneInfrastruktur-768x509.jpg 768w, https:\/\/pi-quant.com\/wp-content\/uploads\/2025\/07\/iStock-interneInfrastruktur-18x12.jpg 18w\" sizes=\"(max-width: 1000px) 100vw, 1000px\" \/>\t\t\t\t\t\t\t\t\t\t\t\t\t\t\t<\/div>\n\t\t\t\t<\/div>\n\t\t\t\t<\/div>\n\t\t\t\t\t<\/div>\n\t\t\t\t<\/div>\n\t\t<div class=\"elementor-element elementor-element-aa12852 e-flex e-con-boxed e-con e-parent\" data-id=\"aa12852\" data-element_type=\"container\">\n\t\t\t\t\t<div class=\"e-con-inner\">\n\t\t<div class=\"elementor-element elementor-element-2d874af e-con-full e-flex e-con e-child\" data-id=\"2d874af\" data-element_type=\"container\">\n\t\t\t\t<div class=\"elementor-element elementor-element-f7c914e elementor-widget-divider--view-line elementor-widget elementor-widget-divider\" data-id=\"f7c914e\" data-element_type=\"widget\" data-widget_type=\"divider.default\">\n\t\t\t\t<div class=\"elementor-widget-container\">\n\t\t\t\t\t\t\t<div class=\"elementor-divider\">\n\t\t\t<span class=\"elementor-divider-separator\">\n\t\t\t\t\t\t<\/span>\n\t\t<\/div>\n\t\t\t\t\t\t<\/div>\n\t\t\t\t<\/div>\n\t\t\t\t<\/div>\n\t\t<div class=\"elementor-element elementor-element-8b6fe4a e-con-full e-flex e-con e-child\" data-id=\"8b6fe4a\" data-element_type=\"container\">\n\t\t\t\t<div class=\"elementor-element elementor-element-e8f9312 elementor-widget elementor-widget-image\" data-id=\"e8f9312\" data-element_type=\"widget\" data-widget_type=\"image.default\">\n\t\t\t\t<div class=\"elementor-widget-container\">\n\t\t\t\t\t\t\t\t\t\t\t\t\t\t\t<img loading=\"lazy\" decoding=\"async\" width=\"1000\" height=\"663\" src=\"https:\/\/pi-quant.com\/wp-content\/uploads\/2025\/07\/iStock-Schichtplanung.jpg\" class=\"elementor-animation-grow attachment-large size-large wp-image-9885\" alt=\"\" srcset=\"https:\/\/pi-quant.com\/wp-content\/uploads\/2025\/07\/iStock-Schichtplanung.jpg 1000w, https:\/\/pi-quant.com\/wp-content\/uploads\/2025\/07\/iStock-Schichtplanung-300x199.jpg 300w, https:\/\/pi-quant.com\/wp-content\/uploads\/2025\/07\/iStock-Schichtplanung-768x509.jpg 768w, https:\/\/pi-quant.com\/wp-content\/uploads\/2025\/07\/iStock-Schichtplanung-18x12.jpg 18w\" sizes=\"(max-width: 1000px) 100vw, 1000px\" \/>\t\t\t\t\t\t\t\t\t\t\t\t\t\t\t<\/div>\n\t\t\t\t<\/div>\n\t\t\t\t<\/div>\n\t\t<div class=\"elementor-element elementor-element-6256f40 e-con-full e-flex e-con e-child\" data-id=\"6256f40\" data-element_type=\"container\">\n\t\t\t\t<div class=\"elementor-element elementor-element-c40c689 elementor-widget elementor-widget-mae-project-detail\" data-id=\"c40c689\" data-element_type=\"widget\" data-widget_type=\"mae-project-detail.default\">\n\t\t\t\t<div class=\"elementor-widget-container\">\n\t\t\t\t\t\n        <div class=\"project-info\">\n                            <div class=\"info-wrap\">\n                <span class=\"title\">Development of an international shift scheduling system<\/span>\n                <span class=\"info\"><\/span>\n                <\/div>\n                            <div class=\"info-wrap\">\n                <span class=\"title\">Industry:<\/span>\n                <span class=\"info\">IT service industry<\/span>\n                <\/div>\n                            <div class=\"info-wrap\">\n                <span class=\"title\">Duration:<\/span>\n                <span class=\"info\">3 Years<\/span>\n                <\/div>\n                            <div class=\"info-wrap\">\n                <span class=\"title\">Project goal:<\/span>\n                <span class=\"info\">Implementation of a time zone-based shift scheduling algorithm for efficient 24\/7 staffing of an international customer service<\/span>\n                <\/div>\n                    <\/div>\n\t\t\t\t\t<\/div>\n\t\t\t\t<\/div>\n\t\t\t\t<\/div>\n\t\t\t\t\t<\/div>\n\t\t\t\t<\/div>\n\t\t\t\t<\/div>","protected":false},"excerpt":{"rendered":"<p>Im \u00dcberblick Unsere Erfolge Ma\u00dfgeschneiderte L\u00f6sungen die \u00fcberzeugen In unserem Projektportfolio finden Sie erfolgreich abgeschlossene Projekte, die wir mit unserem Fachwissen und Engagement realisiert haben. Mit jedem erreichten Ziel konnten wir nicht nur einen Kunden zufrieden stellen, sondern auch unsere spezialisierten Kenntnisse weiter ausbauen. Unsere Referenzen zeigen, was wir leisten<\/p>","protected":false},"author":3,"featured_media":0,"parent":0,"menu_order":0,"comment_status":"closed","ping_status":"closed","template":"","meta":{"_monsterinsights_skip_tracking":false,"_monsterinsights_sitenote_active":false,"_monsterinsights_sitenote_note":"","_monsterinsights_sitenote_category":0,"footnotes":""},"class_list":["post-9859","page","type-page","status-publish","hentry"],"aioseo_notices":[],"_links":{"self":[{"href":"https:\/\/pi-quant.com\/en\/wp-json\/wp\/v2\/pages\/9859","targetHints":{"allow":["GET"]}}],"collection":[{"href":"https:\/\/pi-quant.com\/en\/wp-json\/wp\/v2\/pages"}],"about":[{"href":"https:\/\/pi-quant.com\/en\/wp-json\/wp\/v2\/types\/page"}],"author":[{"embeddable":true,"href":"https:\/\/pi-quant.com\/en\/wp-json\/wp\/v2\/users\/3"}],"replies":[{"embeddable":true,"href":"https:\/\/pi-quant.com\/en\/wp-json\/wp\/v2\/comments?post=9859"}],"version-history":[{"count":25,"href":"https:\/\/pi-quant.com\/en\/wp-json\/wp\/v2\/pages\/9859\/revisions"}],"predecessor-version":[{"id":9964,"href":"https:\/\/pi-quant.com\/en\/wp-json\/wp\/v2\/pages\/9859\/revisions\/9964"}],"wp:attachment":[{"href":"https:\/\/pi-quant.com\/en\/wp-json\/wp\/v2\/media?parent=9859"}],"curies":[{"name":"wp","href":"https:\/\/api.w.org\/{rel}","templated":true}]}}