{"id":9948,"date":"2025-07-23T10:14:13","date_gmt":"2025-07-23T08:14:13","guid":{"rendered":"https:\/\/pi-quant.com\/?page_id=9948"},"modified":"2026-01-19T12:55:27","modified_gmt":"2026-01-19T11:55:27","slug":"impressum","status":"publish","type":"page","link":"https:\/\/pi-quant.com\/en\/impressum\/","title":{"rendered":"Imprint"},"content":{"rendered":"<div data-elementor-type=\"wp-page\" data-elementor-id=\"9948\" class=\"elementor elementor-9948\">\n\t\t\t\t<div class=\"elementor-element elementor-element-1899066 e-flex e-con-boxed e-con e-parent\" data-id=\"1899066\" data-element_type=\"container\">\n\t\t\t\t\t<div class=\"e-con-inner\">\n\t\t\t\t<div class=\"elementor-element elementor-element-d727c47 elementor-widget elementor-widget-text-editor\" data-id=\"d727c47\" data-element_type=\"widget\" data-widget_type=\"text-editor.default\">\n\t\t\t\t<div class=\"elementor-widget-container\">\n\t\t\t\t\t\t\t\t\t<p><strong>PIQUANT GmbH<\/strong><br \/>Headquarters: Harry-Blum-Platz 2 | 50678 Cologne<\/p>\n<p><strong>Contact<\/strong><br \/>Email: info@pi-quant.com<br \/>Internet: www.pi-quant.com | cloud.pi-quant.com<br \/>Phone: +49 (0)221 29436585 | +49 (0)221 29436586 <br \/>Fax: +49 (0)221 29436587<\/p>\n<p><strong>Register entry<\/strong><br \/>Commercial Register \u2013 Register Court:<br \/>Amtsgericht K\u00f6ln | HRB 77770<\/p>\n<p><strong>Sales tax identification number according to \u00a7 27 a sales tax law<\/strong><br \/>Sales tax ID: DE203362620<\/p>\n<p><strong>Managing directors authorised to represent the company<\/strong><br \/>Dr. Gazi Barut<\/p>\n<p><strong>Responsible for content according to \u00a7 55 Abs. 2 RStV<\/strong><br \/>Dr. Gazi Barut<\/p>\n<p><strong>Disclaimer<\/strong><br \/>Despite careful checking of the content, we accept no liability for\nthe content of external links. The operators of the linked pages\nare solely responsible for their content.<\/p>\n<p><strong>Copyright<\/strong><br \/>PIQUANT GmbH 2026<\/p>\t\t\t\t\t\t\t\t<\/div>\n\t\t\t\t<\/div>\n\t\t\t\t\t<\/div>\n\t\t\t\t<\/div>\n\t\t\t\t<\/div>","protected":false},"excerpt":{"rendered":"<p>PIQUANT GmbHFirmensitz: Harry-Blum-Platz 2 | 50678 K\u00f6ln KontaktEmail: info@pi-quant.comInternet: www.pi-quant.com | cloud.pi-quant.comTelefon: +49 (0)221 29436585 | +49 (0)221 29436586 Fax: +49 (0)221 29436587 RegistereintragHandelsregister &#8211; Registergericht:Amtsgericht K\u00f6ln | HRB 77770 Umsatzsteuer-Identifikationsnummer gem\u00e4\u00df \u00a7 27 a UmsatzsteuergesetzUmsatzsteuer-ID: DE203362620 Vertretungsberechtigte Gesch\u00e4ftsf\u00fchrerDr. Gazi Barut Inhaltlich verantwortlich gem\u00e4\u00df \u00a7 55 Abs. 2 RStVDr. Gazi<\/p>","protected":false},"author":3,"featured_media":0,"parent":0,"menu_order":0,"comment_status":"closed","ping_status":"closed","template":"","meta":{"_monsterinsights_skip_tracking":false,"_monsterinsights_sitenote_active":false,"_monsterinsights_sitenote_note":"","_monsterinsights_sitenote_category":0,"footnotes":""},"class_list":["post-9948","page","type-page","status-publish","hentry"],"aioseo_notices":[],"_links":{"self":[{"href":"https:\/\/pi-quant.com\/en\/wp-json\/wp\/v2\/pages\/9948","targetHints":{"allow":["GET"]}}],"collection":[{"href":"https:\/\/pi-quant.com\/en\/wp-json\/wp\/v2\/pages"}],"about":[{"href":"https:\/\/pi-quant.com\/en\/wp-json\/wp\/v2\/types\/page"}],"author":[{"embeddable":true,"href":"https:\/\/pi-quant.com\/en\/wp-json\/wp\/v2\/users\/3"}],"replies":[{"embeddable":true,"href":"https:\/\/pi-quant.com\/en\/wp-json\/wp\/v2\/comments?post=9948"}],"version-history":[{"count":10,"href":"https:\/\/pi-quant.com\/en\/wp-json\/wp\/v2\/pages\/9948\/revisions"}],"predecessor-version":[{"id":9988,"href":"https:\/\/pi-quant.com\/en\/wp-json\/wp\/v2\/pages\/9948\/revisions\/9988"}],"wp:attachment":[{"href":"https:\/\/pi-quant.com\/en\/wp-json\/wp\/v2\/media?parent=9948"}],"curies":[{"name":"wp","href":"https:\/\/api.w.org\/{rel}","templated":true}]}}